{"id":881,"date":"2022-12-12T10:38:34","date_gmt":"2022-12-12T10:38:34","guid":{"rendered":"http:\/\/vaccinatiepunt.nl\/?page_id=881"},"modified":"2026-03-18T16:09:27","modified_gmt":"2026-03-18T14:09:27","slug":"randevu-alin","status":"publish","type":"page","link":"http:\/\/vaccinatiepunt.nl\/tr\/afspraak-maken\/","title":{"rendered":"Randevu alma"},"content":{"rendered":"<div data-elementor-type=\"wp-page\" data-elementor-id=\"881\" class=\"elementor elementor-881\" data-elementor-post-type=\"page\">\n\t\t\t\t<div class=\"elementor-element elementor-element-5a03803 e-flex e-con-boxed e-con e-parent\" data-id=\"5a03803\" data-element_type=\"container\" data-e-type=\"container\">\n\t\t\t\t\t<div class=\"e-con-inner\">\n\t\t\t\t<div class=\"elementor-element elementor-element-208a9ed elementor-widget__width-initial elementor-widget elementor-widget-html\" data-id=\"208a9ed\" data-element_type=\"widget\" data-e-type=\"widget\" data-widget_type=\"html.default\">\n\t\t\t\t<div class=\"elementor-widget-container\">\n\t\t\t\t\t        <iframe\n            id=\"inlineFrameExample\"\n            title=\"Inline Frame Example\"\n            width=\"100%\"\n            style=\"border: 0; min-height:100vh\"\n            sandbox=\"allow-scripts allow-same-origin allow-forms allow-popups allow-top-navigation\"\n            src=\"\/vaccinatiepunt-widget\/\"\n        >\n        <\/iframe>\n    \t\t\t\t<\/div>\n\t\t\t\t<\/div>\n\t\t\t\t\t<\/div>\n\t\t\t\t<\/div>\n\t\t\t\t<\/div>","protected":false},"excerpt":{"rendered":"","protected":false},"author":6,"featured_media":0,"parent":0,"menu_order":0,"comment_status":"closed","ping_status":"closed","template":"","meta":{"inline_featured_image":false,"site-sidebar-layout":"no-sidebar","site-content-layout":"page-builder","ast-site-content-layout":"full-width-container","site-content-style":"unboxed","site-sidebar-style":"unboxed","ast-global-header-display":"","ast-banner-title-visibility":"","ast-main-header-display":"","ast-hfb-above-header-display":"","ast-hfb-below-header-display":"","ast-hfb-mobile-header-display":"","site-post-title":"disabled","ast-breadcrumbs-content":"","ast-featured-img":"disabled","footer-sml-layout":"","ast-disable-related-posts":"","theme-transparent-header-meta":"","adv-header-id-meta":"","stick-header-meta":"","header-above-stick-meta":"","header-main-stick-meta":"","header-below-stick-meta":"","astra-migrate-meta-layouts":"set","ast-page-background-enabled":"default","ast-page-background-meta":{"desktop":{"background-color":"var(--ast-global-color-4)","background-image":"","background-repeat":"repeat","background-position":"center center","background-size":"auto","background-attachment":"scroll","background-type":"","background-media":"","overlay-type":"","overlay-color":"","overlay-opacity":"","overlay-gradient":""},"tablet":{"background-color":"","background-image":"","background-repeat":"repeat","background-position":"center center","background-size":"auto","background-attachment":"scroll","background-type":"","background-media":"","overlay-type":"","overlay-color":"","overlay-opacity":"","overlay-gradient":""},"mobile":{"background-color":"","background-image":"","background-repeat":"repeat","background-position":"center center","background-size":"auto","background-attachment":"scroll","background-type":"","background-media":"","overlay-type":"","overlay-color":"","overlay-opacity":"","overlay-gradient":""}},"ast-content-background-meta":{"desktop":{"background-color":"var(--ast-global-color-5)","background-image":"","background-repeat":"repeat","background-position":"center center","background-size":"auto","background-attachment":"scroll","background-type":"","background-media":"","overlay-type":"","overlay-color":"","overlay-opacity":"","overlay-gradient":""},"tablet":{"background-color":"var(--ast-global-color-5)","background-image":"","background-repeat":"repeat","background-position":"center center","background-size":"auto","background-attachment":"scroll","background-type":"","background-media":"","overlay-type":"","overlay-color":"","overlay-opacity":"","overlay-gradient":""},"mobile":{"background-color":"var(--ast-global-color-5)","background-image":"","background-repeat":"repeat","background-position":"center center","background-size":"auto","background-attachment":"scroll","background-type":"","background-media":"","overlay-type":"","overlay-color":"","overlay-opacity":"","overlay-gradient":""}},"footnotes":""},"categories":[],"tags":[],"class_list":["post-881","page","type-page","status-publish","hentry"],"yoast_head":"<!-- This site is optimized with the Yoast SEO plugin v27.4 - https:\/\/yoast.com\/product\/yoast-seo-wordpress\/ -->\n<title>Maak een afspraak voor reisvaccinaties! Veilig en deskundig<\/title>\n<meta name=\"description\" content=\"Plan online uw reisvaccinatie bij Vaccinatiepunt. Binnen enkele minuten geregeld, betrouwbaar en met persoonlijk advies.\" \/>\n<meta name=\"robots\" content=\"index, follow, max-snippet:-1, max-image-preview:large, max-video-preview:-1\" \/>\n<link rel=\"canonical\" href=\"http:\/\/vaccinatiepunt.nl\/tr\/randevu-alin\/\" \/>\n<meta property=\"og:locale\" content=\"tr_TR\" \/>\n<meta property=\"og:type\" content=\"article\" \/>\n<meta property=\"og:title\" content=\"Maak een afspraak voor reisvaccinaties! Veilig en deskundig\" \/>\n<meta property=\"og:description\" content=\"Plan online uw reisvaccinatie bij Vaccinatiepunt. Binnen enkele minuten geregeld, betrouwbaar en met persoonlijk advies.\" \/>\n<meta property=\"og:url\" content=\"http:\/\/vaccinatiepunt.nl\/tr\/randevu-alin\/\" \/>\n<meta property=\"og:site_name\" content=\"Vaccinatiepunt\" \/>\n<meta property=\"article:modified_time\" content=\"2026-03-18T14:09:27+00:00\" \/>\n<meta property=\"og:image\" content=\"https:\/\/vaccinatiepunt.nl\/wp-content\/uploads\/2025\/12\/Ontwerp-zonder-titel-2-scaled.png\" \/>\n\t<meta property=\"og:image:width\" content=\"2560\" \/>\n\t<meta property=\"og:image:height\" content=\"1067\" \/>\n\t<meta property=\"og:image:type\" content=\"image\/png\" \/>\n<meta name=\"twitter:card\" content=\"summary_large_image\" \/>\n<meta name=\"twitter:label1\" content=\"Tahmini okuma s\u00fcresi\" \/>\n\t<meta name=\"twitter:data1\" content=\"1 dakika\" \/>\n<!-- \/ Yoast SEO plugin. -->","yoast_head_json":{"title":"Seyahat a\u015f\u0131lar\u0131 i\u00e7in randevu al\u0131n! G\u00fcvenli ve uzman","description":"Vaccination Point'te seyahat a\u015f\u0131lar\u0131n\u0131z\u0131 online olarak planlay\u0131n. Dakikalar i\u00e7inde d\u00fczenlenir, g\u00fcvenilir ve ki\u015fisel tavsiyelerle.","robots":{"index":"index","follow":"follow","max-snippet":"max-snippet:-1","max-image-preview":"max-image-preview:large","max-video-preview":"max-video-preview:-1"},"canonical":"http:\/\/vaccinatiepunt.nl\/tr\/randevu-alin\/","og_locale":"tr_TR","og_type":"article","og_title":"Maak een afspraak voor reisvaccinaties! Veilig en deskundig","og_description":"Plan online uw reisvaccinatie bij Vaccinatiepunt. Binnen enkele minuten geregeld, betrouwbaar en met persoonlijk advies.","og_url":"http:\/\/vaccinatiepunt.nl\/tr\/randevu-alin\/","og_site_name":"Vaccinatiepunt","article_modified_time":"2026-03-18T14:09:27+00:00","og_image":[{"width":2560,"height":1067,"url":"https:\/\/vaccinatiepunt.nl\/wp-content\/uploads\/2025\/12\/Ontwerp-zonder-titel-2-scaled.png","type":"image\/png"}],"twitter_card":"summary_large_image","twitter_misc":{"Tahmini okuma s\u00fcresi":"1 dakika"},"schema":{"@context":"https:\/\/schema.org","@graph":[{"@type":"WebPage","@id":"http:\/\/vaccinatiepunt.nl\/tr\/afspraak-maken\/","url":"http:\/\/vaccinatiepunt.nl\/tr\/afspraak-maken\/","name":"Seyahat a\u015f\u0131lar\u0131 i\u00e7in randevu al\u0131n! G\u00fcvenli ve uzman","isPartOf":{"@id":"http:\/\/vaccinatiepunt.nl\/tr\/#website"},"datePublished":"2022-12-12T10:38:34+00:00","dateModified":"2026-03-18T14:09:27+00:00","description":"Vaccination Point'te seyahat a\u015f\u0131lar\u0131n\u0131z\u0131 online olarak planlay\u0131n. Dakikalar i\u00e7inde d\u00fczenlenir, g\u00fcvenilir ve ki\u015fisel tavsiyelerle.","breadcrumb":{"@id":"http:\/\/vaccinatiepunt.nl\/tr\/afspraak-maken\/#breadcrumb"},"inLanguage":"tr","potentialAction":[{"@type":"ReadAction","target":["http:\/\/vaccinatiepunt.nl\/tr\/afspraak-maken\/"]}]},{"@type":"BreadcrumbList","@id":"http:\/\/vaccinatiepunt.nl\/tr\/afspraak-maken\/#breadcrumb","itemListElement":[{"@type":"ListItem","position":1,"name":"Home","item":"https:\/\/vaccinatiepunt.nl\/"},{"@type":"ListItem","position":2,"name":"Afspraak maken"}]},{"@type":"WebSite","@id":"http:\/\/vaccinatiepunt.nl\/tr\/#website","url":"http:\/\/vaccinatiepunt.nl\/tr\/","name":"A\u015f\u0131lama noktas\u0131","description":"","publisher":{"@id":"http:\/\/vaccinatiepunt.nl\/tr\/#organization"},"potentialAction":[{"@type":"SearchAction","target":{"@type":"EntryPoint","urlTemplate":"http:\/\/vaccinatiepunt.nl\/tr\/?s={search_term_string}"},"query-input":{"@type":"PropertyValueSpecification","valueRequired":true,"valueName":"search_term_string"}}],"inLanguage":"tr"},{"@type":"Organization","@id":"http:\/\/vaccinatiepunt.nl\/tr\/#organization","name":"A\u015f\u0131lama noktas\u0131","url":"http:\/\/vaccinatiepunt.nl\/tr\/","logo":{"@type":"ImageObject","inLanguage":"tr","@id":"http:\/\/vaccinatiepunt.nl\/tr\/#\/schema\/logo\/image\/","url":"https:\/\/vaccinatiepunt.nl\/wp-content\/uploads\/2025\/12\/Zonder-titel-Instagram-bericht.png","contentUrl":"https:\/\/vaccinatiepunt.nl\/wp-content\/uploads\/2025\/12\/Zonder-titel-Instagram-bericht.png","width":1080,"height":1080,"caption":"Vaccinatiepunt"},"image":{"@id":"http:\/\/vaccinatiepunt.nl\/tr\/#\/schema\/logo\/image\/"}}]}},"_links":{"self":[{"href":"http:\/\/vaccinatiepunt.nl\/tr\/wp-json\/wp\/v2\/pages\/881","targetHints":{"allow":["GET"]}}],"collection":[{"href":"http:\/\/vaccinatiepunt.nl\/tr\/wp-json\/wp\/v2\/pages"}],"about":[{"href":"http:\/\/vaccinatiepunt.nl\/tr\/wp-json\/wp\/v2\/types\/page"}],"author":[{"embeddable":true,"href":"http:\/\/vaccinatiepunt.nl\/tr\/wp-json\/wp\/v2\/users\/6"}],"replies":[{"embeddable":true,"href":"http:\/\/vaccinatiepunt.nl\/tr\/wp-json\/wp\/v2\/comments?post=881"}],"version-history":[{"count":0,"href":"http:\/\/vaccinatiepunt.nl\/tr\/wp-json\/wp\/v2\/pages\/881\/revisions"}],"wp:attachment":[{"href":"http:\/\/vaccinatiepunt.nl\/tr\/wp-json\/wp\/v2\/media?parent=881"}],"wp:term":[{"taxonomy":"category","embeddable":true,"href":"http:\/\/vaccinatiepunt.nl\/tr\/wp-json\/wp\/v2\/categories?post=881"},{"taxonomy":"post_tag","embeddable":true,"href":"http:\/\/vaccinatiepunt.nl\/tr\/wp-json\/wp\/v2\/tags?post=881"}],"curies":[{"name":"wp","href":"https:\/\/api.w.org\/{rel}","templated":true}]}}