{"id":1965,"date":"2022-12-13T10:43:50","date_gmt":"2022-12-13T10:43:50","guid":{"rendered":"http:\/\/vaccinatiepunt.nl\/?page_id=1965"},"modified":"2023-11-02T13:16:08","modified_gmt":"2023-11-02T13:16:08","slug":"asilar-saint-kitts-ve-nevis","status":"publish","type":"page","link":"https:\/\/vaccinatiepunt.nl\/tr\/vaccinaties-saint-kitts-en-nevis\/","title":{"rendered":"A\u015f\u0131lar Saint Kitts ve Nevis"},"content":{"rendered":"\t\t<div data-elementor-type=\"wp-page\" data-elementor-id=\"1965\" class=\"elementor elementor-1965\" data-elementor-post-type=\"page\">\n\t\t\t\t\t\t<section class=\"elementor-section elementor-top-section elementor-element elementor-element-0ab821b elementor-section-boxed elementor-section-height-default elementor-section-height-default\" data-id=\"0ab821b\" data-element_type=\"section\" data-e-type=\"section\" data-settings=\"{&quot;background_background&quot;:&quot;classic&quot;}\">\n\t\t\t\t\t\t<div class=\"elementor-container elementor-column-gap-default\">\n\t\t\t\t\t<div class=\"elementor-column elementor-col-100 elementor-top-column elementor-element elementor-element-e3ea946\" data-id=\"e3ea946\" data-element_type=\"column\" data-e-type=\"column\">\n\t\t\t<div class=\"elementor-widget-wrap elementor-element-populated\">\n\t\t\t\t\t\t<div class=\"elementor-element elementor-element-6a198fa elementor-widget elementor-widget-heading\" data-id=\"6a198fa\" data-element_type=\"widget\" data-e-type=\"widget\" data-widget_type=\"heading.default\">\n\t\t\t\t<div class=\"elementor-widget-container\">\n\t\t\t\t\t<h1 class=\"elementor-heading-title elementor-size-default\">Vaccinaties Saint Kitts en Nevis<\/h1>\t\t\t\t<\/div>\n\t\t\t\t<\/div>\n\t\t\t\t\t<\/div>\n\t\t<\/div>\n\t\t\t\t\t<\/div>\n\t\t<\/section>\n\t\t\t\t<section class=\"elementor-section elementor-top-section elementor-element elementor-element-c3cd4cd elementor-section-boxed elementor-section-height-default elementor-section-height-default\" data-id=\"c3cd4cd\" data-element_type=\"section\" data-e-type=\"section\" data-settings=\"{&quot;background_background&quot;:&quot;classic&quot;}\">\n\t\t\t\t\t\t<div class=\"elementor-container elementor-column-gap-default\">\n\t\t\t\t\t<div class=\"elementor-column elementor-col-50 elementor-top-column elementor-element elementor-element-641e98f\" data-id=\"641e98f\" data-element_type=\"column\" data-e-type=\"column\">\n\t\t\t<div class=\"elementor-widget-wrap elementor-element-populated\">\n\t\t\t\t\t\t<div class=\"elementor-element elementor-element-65cee8a elementor-widget elementor-widget-image\" data-id=\"65cee8a\" data-element_type=\"widget\" data-e-type=\"widget\" data-widget_type=\"image.default\">\n\t\t\t\t<div class=\"elementor-widget-container\">\n\t\t\t\t\t\t\t\t\t\t\t\t\t\t\t<img fetchpriority=\"high\" decoding=\"async\" width=\"509\" height=\"339\" src=\"https:\/\/vaccinatiepunt.nl\/wp-content\/uploads\/2022\/12\/Saint-Kitts-en-Nevis.jpeg\" class=\"attachment-full size-full wp-image-3365\" alt=\"Saint Kitts en Nevis\" srcset=\"https:\/\/vaccinatiepunt.nl\/wp-content\/uploads\/2022\/12\/Saint-Kitts-en-Nevis.jpeg 509w, https:\/\/vaccinatiepunt.nl\/wp-content\/uploads\/2022\/12\/Saint-Kitts-en-Nevis-300x200.jpeg 300w\" sizes=\"(max-width: 509px) 100vw, 509px\" \/>\t\t\t\t\t\t\t\t\t\t\t\t\t\t\t<\/div>\n\t\t\t\t<\/div>\n\t\t\t\t\t<\/div>\n\t\t<\/div>\n\t\t\t\t<div class=\"elementor-column elementor-col-50 elementor-top-column elementor-element elementor-element-4d2c92e\" data-id=\"4d2c92e\" data-element_type=\"column\" data-e-type=\"column\" data-settings=\"{&quot;background_background&quot;:&quot;classic&quot;}\">\n\t\t\t<div class=\"elementor-widget-wrap elementor-element-populated\">\n\t\t\t\t\t\t<div class=\"elementor-element elementor-element-75b3165 elementor-widget elementor-widget-heading\" data-id=\"75b3165\" data-element_type=\"widget\" data-e-type=\"widget\" data-widget_type=\"heading.default\">\n\t\t\t\t<div class=\"elementor-widget-container\">\n\t\t\t\t\t<h2 class=\"elementor-heading-title elementor-size-default\"><span style=\"background-color: var( --e-global-color-7542051 )\">Sint Kitts en Nevis <\/span>vaccinatieadvies<\/h2>\t\t\t\t<\/div>\n\t\t\t\t<\/div>\n\t\t\t\t<div class=\"elementor-element elementor-element-cb7f8de elementor-widget elementor-widget-shortcode\" data-id=\"cb7f8de\" data-element_type=\"widget\" data-e-type=\"widget\" data-widget_type=\"shortcode.default\">\n\t\t\t\t<div class=\"elementor-widget-container\">\n\t\t\t\t\t\t\t<div class=\"elementor-shortcode\">    <script>\n        window.addEventListener('DOMContentLoaded', (event) => {\n            $ = jQuery;\n\/\/https:\/\/ronaldv59.sg-host.com\/wp-json\/vaccinatiepunt\/v1\/land\/angola\n            $(document).ready(function() {\n                $.get('\/wp-json\/vaccinatiepunt\/v1\/land\/st-kitts-en-nevis',function(response) {\n                    var malaria = false;\n                    if(typeof response == \"string\")\n                        response = JSON.parse(response)\n\n                    Object.keys(response).forEach(function(key) {\n\n                        \/\/ console.log(response[key]);\n                        if(response[key] === null)\n                            return;\n\n                        var malariaarray = [\"AP\/C\/D\/M\/P\",\"AP\/D\/M\/P\",\"AP\/D\",\"AP\/D\/M\",\"NB\",\"Anti-mug\",\"Transmissiemaanden\"];\n\n                        if( typeof response[key] === 'object')\n                        {\n                            Object.keys(response[key]).forEach(key2 => {\n                                if (malariaarray.some(function(v) {\n                                    if(response[key][key2] === null)\n                                        return false;\n\n                                    return response[key][key2].indexOf(v) >= 0;\n                                })) {\n                                    malaria = true;\n                                }\n\n                            });\n                        }\n\n                        if(key === \"Bijzonderheden\")\n                            return;\n                        if(key === \"MalariaBijzonderheden\")\n                            return;\n                        if(key === \"Omschrijving\")\n                            return;\n                        if(key === \"Kleur\")\n                            return;\n                        if(key === \"@id\")\n                            return;\n                        if(key === \"Risico1_2Nachten\")\n                            return;\n                        if(key === \"Risico3Nachten\")\n                            return;\n\n                        const slugify = str =>\n                            str\n                                .toLowerCase()\n                                .trim()\n                                .replace(\/[^\\w\\s-]\/g, '')\n                                .replace(\/[\\s_-]+\/g, '-')\n                                .replace(\/^-+|-+$\/g, '');\n\n\n                        var name = key;\n\n                        if(key !== \"TBC\" && key !== \"DTP\")\n                            name  = name.replace(\/([A-Z])\/g, ' $1').trim()\n\n\n                        var slug = slugify(name);\n\n                        if(slug === \"virale-encefalitis\")\n                            slug = \"japanse-encefalitis\";\n\n                        if(slug === \"schistosomasis\")\n                            slug = \"schistosomiase\";\n\n                        if(slug === \"tbc\")\n                            slug = \"tuberculose\";\n\n                        if(slug === \"rabies\")\n                            slug = \"hondsdolheid\";\n\n                        if(slug === \"mazelen\")\n                            slug = \"bmr\";\n\n                        var pill = \"<a href=\\\"\/vaccinaties\/\"+slug+\"\\\"><span class=\\\"vaccinatie-pill\\\">\"+name+\"<\/span><\/a>\";\n\n                        if(response[key] === \"gv\" || response[key] === \"GV\")\n                        {\n                            $('#vaccinatieContainerVerplicht').append(pill);\n                        }\n                        var array = [\"G1\",\"G1\",\"G1\",\"G\",\"D\",\"T1\",\"T2\",\"MZ\",\"A\",\"M1\",\"M2\",\"R1\"];\n                        if (array.some(function(v) { return response[key].indexOf(v) >= 0; }) && response[key] !== \"GV\") {\n                            $('#vaccinatieContainerAanbevolen').append(pill);\n                        };\n                        var optionalarray = [\"g1\",\"g2\",\"g3\",\"B\",\"R2\",\"JE\",\"TE\"];\n\n                        if (optionalarray.some(function(v) { return response[key].indexOf(v) >= 0; })) {\n                            $('#vaccinatieContainerOptioneel').append(pill);\n                        };\n\n\n                    });\n\n                    if(malaria === true) {\n\n                        var pill = \"<a href=\\\"\/vaccinaties\/malaria\/\\\"><span class=\\\"vaccinatie-pill\\\" style=\\\"margin-bottom:10px;\\\">Ja<\/span><\/a>\";\n                        $('#vaccinatieContainerMalaria').append(pill);\n                    }\n                    else {\n                        var pill = \"<span class=\\\"vaccinatie-pill\\\" style=\\\"margin-bottom:10px;\\\">Nee<\/span>\";\n                        $('#vaccinatieContainerMalaria').append(pill);\n                    }\n\n\n                    var containerMargin = window.innerWidth < 1025 ? '16px' : '32px';\n                    if($('#vaccinatieContainerVerplicht').children().length > 0) {\n                        $('.verplichtLabel').css('display','block');\n                        if ($('#vaccinatieContainerAanbevolen').children().length > 0 || $('#vaccinatieContainerOptioneel').children().length > 0 || $('#vaccinatieContainerMalaria').children().length > 0)\n                            $('#vaccinatieContainerVerplicht').css('marginBottom', containerMargin);\n                    }\n                    if($('#vaccinatieContainerAanbevolen').children().length > 0) {\n                        $('.aanbevolenLabel').css('display','block');\n                        if ($('#vaccinatieContainerOptioneel').children().length > 0 || $('#vaccinatieContainerMalaria').children().length > 0)\n                            $('#vaccinatieContainerAanbevolen').css('marginBottom', containerMargin);\n                    }\n                    if($('#vaccinatieContainerOptioneel').children().length > 0) {\n                        $('.optioneelLabel').css('display','block');\n                        if ($('#vaccinatieContainerMalaria').children().length > 0)\n                            $('#vaccinatieContainerOptioneel').css('marginBottom', containerMargin);\n                    }\n                    if($('#vaccinatieContainerMalaria').children().length > 0) {\n                        $('.malariaLabel').css('display','block');\n                    }\n                });\n\n                $.ajax('\/malaria-st-kitts-en-nevis', {\n                    statusCode: {\n                        404: function() {\n                            console.log(\"malaria page not exists\");\n                        },\n                        200: function() {\n                            if ($('#vaccinatieContainerMalaria a').length > 0) {\n                                $('#vaccinatieContainerMalaria a').attr('href', '\/malaria-st-kitts-en-nevis\/');\n                            }\n                        }\n                    }\n                });\n            });\n\n        });\n    <\/script>\n\n    <span class=\"verplichtLabel vaccination-label\" style=\"display:none\">Verplichte vaccinaties<\/span><div id='vaccinatieContainerVerplicht' style=\"margin-left:-5px;\"><\/div><span class=\"aanbevolenLabel vaccination-label\" style=\"display:none\">Aanbevolen vaccinaties<\/span><div id='vaccinatieContainerAanbevolen' style=\"margin-left:-5px;\"><\/div><span class=\"optioneelLabel vaccination-label\" style=\"display:none\">Optionele vaccinaties<\/span><div id='vaccinatieContainerOptioneel' style=\"margin-left:-5px;\"><\/div><span class=\"malariaLabel vaccination-label\" style=\"display:none\">Malaria<\/span><div id='vaccinatieContainerMalaria' style=\"margin-left:-5px;\"><\/div><\/div>\n\t\t\t\t\t\t<\/div>\n\t\t\t\t<\/div>\n\t\t\t\t\t<\/div>\n\t\t<\/div>\n\t\t\t\t\t<\/div>\n\t\t<\/section>\n\t\t\t\t<section class=\"elementor-section elementor-top-section elementor-element elementor-element-4e4dff3 elementor-section-boxed elementor-section-height-default elementor-section-height-default\" data-id=\"4e4dff3\" data-element_type=\"section\" data-e-type=\"section\" data-settings=\"{&quot;background_background&quot;:&quot;classic&quot;}\">\n\t\t\t\t\t\t<div class=\"elementor-container elementor-column-gap-default\">\n\t\t\t\t\t<div class=\"elementor-column elementor-col-100 elementor-top-column elementor-element elementor-element-4f298f5\" data-id=\"4f298f5\" data-element_type=\"column\" data-e-type=\"column\">\n\t\t\t<div class=\"elementor-widget-wrap elementor-element-populated\">\n\t\t\t\t\t\t<div class=\"elementor-element elementor-element-9129cb2 elementor-widget elementor-widget-heading\" data-id=\"9129cb2\" data-element_type=\"widget\" data-e-type=\"widget\" data-widget_type=\"heading.default\">\n\t\t\t\t<div class=\"elementor-widget-container\">\n\t\t\t\t\t<h2 class=\"elementor-heading-title elementor-size-default\">Maak nu een afspraak<\/h2>\t\t\t\t<\/div>\n\t\t\t\t<\/div>\n\t\t\t\t<section class=\"elementor-section elementor-inner-section elementor-element elementor-element-880400a elementor-section-boxed elementor-section-height-default elementor-section-height-default\" data-id=\"880400a\" data-element_type=\"section\" data-e-type=\"section\">\n\t\t\t\t\t\t<div class=\"elementor-container elementor-column-gap-default\">\n\t\t\t\t\t<div class=\"elementor-column elementor-col-100 elementor-inner-column elementor-element elementor-element-8e28d92\" data-id=\"8e28d92\" data-element_type=\"column\" data-e-type=\"column\">\n\t\t\t<div class=\"elementor-widget-wrap elementor-element-populated\">\n\t\t\t\t\t\t<div class=\"elementor-element elementor-element-c739d98 elementor-align-left elementor-widget elementor-widget-button\" data-id=\"c739d98\" data-element_type=\"widget\" data-e-type=\"widget\" data-widget_type=\"button.default\">\n\t\t\t\t<div class=\"elementor-widget-container\">\n\t\t\t\t\t\t\t\t\t<div class=\"elementor-button-wrapper\">\n\t\t\t\t\t<a class=\"elementor-button elementor-button-link elementor-size-md elementor-animation-grow\" href=\"https:\/\/vaccinatiepunt.nl\/tr\/afspraak-maken\/\">\n\t\t\t\t\t\t<span class=\"elementor-button-content-wrapper\">\n\t\t\t\t\t\t\t\t\t<span class=\"elementor-button-text\">Afspraak maken<\/span>\n\t\t\t\t\t<\/span>\n\t\t\t\t\t<\/a>\n\t\t\t\t<\/div>\n\t\t\t\t\t\t\t\t<\/div>\n\t\t\t\t<\/div>\n\t\t\t\t\t<\/div>\n\t\t<\/div>\n\t\t\t\t\t<\/div>\n\t\t<\/section>\n\t\t\t\t\t<\/div>\n\t\t<\/div>\n\t\t\t\t\t<\/div>\n\t\t<\/section>\n\t\t\t\t<section class=\"elementor-section elementor-top-section elementor-element elementor-element-9c54bd2 elementor-section-boxed elementor-section-height-default elementor-section-height-default\" data-id=\"9c54bd2\" data-element_type=\"section\" data-e-type=\"section\" data-settings=\"{&quot;background_background&quot;:&quot;classic&quot;,&quot;motion_fx_motion_fx_scrolling&quot;:&quot;yes&quot;,&quot;motion_fx_devices&quot;:[&quot;desktop&quot;,&quot;tablet&quot;,&quot;mobile&quot;]}\">\n\t\t\t\t\t\t\t<div class=\"elementor-background-overlay\"><\/div>\n\t\t\t\t\t\t\t<div class=\"elementor-container elementor-column-gap-default\">\n\t\t\t\t\t<div class=\"elementor-column elementor-col-100 elementor-top-column elementor-element elementor-element-9e6aa55\" data-id=\"9e6aa55\" data-element_type=\"column\" data-e-type=\"column\">\n\t\t\t<div class=\"elementor-widget-wrap elementor-element-populated\">\n\t\t\t\t\t\t<div class=\"elementor-element elementor-element-e7eb466 elementor-widget elementor-widget-text-editor\" data-id=\"e7eb466\" data-element_type=\"widget\" data-e-type=\"widget\" data-widget_type=\"text-editor.default\">\n\t\t\t\t<div class=\"elementor-widget-container\">\n\t\t\t\t\t\t\t\t\t<p>Vaccinaties zorgen voor bescherming tegen verschillende infectieziekten. Het advies is afhankelijk van onder andere de duur van je reis, je persoonlijke gezondheidssituatie en doel van je reis. Tijdens een afspraak geven we je uitgebreid advies over welke vaccinaties er voor jou van belang zijn te nemen.<\/p>\t\t\t\t\t\t\t\t<\/div>\n\t\t\t\t<\/div>\n\t\t\t\t<div class=\"elementor-element elementor-element-7943bf6 elementor-align-center elementor-widget elementor-widget-button\" data-id=\"7943bf6\" data-element_type=\"widget\" data-e-type=\"widget\" data-widget_type=\"button.default\">\n\t\t\t\t<div class=\"elementor-widget-container\">\n\t\t\t\t\t\t\t\t\t<div class=\"elementor-button-wrapper\">\n\t\t\t\t\t<a class=\"elementor-button elementor-button-link elementor-size-sm elementor-animation-grow\" href=\"https:\/\/vaccinatiepunt.nl\/tr\/vergoedingen\/\">\n\t\t\t\t\t\t<span class=\"elementor-button-content-wrapper\">\n\t\t\t\t\t\t\t\t\t<span class=\"elementor-button-text\">Check je vergoedingen<\/span>\n\t\t\t\t\t<\/span>\n\t\t\t\t\t<\/a>\n\t\t\t\t<\/div>\n\t\t\t\t\t\t\t\t<\/div>\n\t\t\t\t<\/div>\n\t\t\t\t\t<\/div>\n\t\t<\/div>\n\t\t\t\t\t<\/div>\n\t\t<\/section>\n\t\t\t\t<\/div>\n\t\t","protected":false},"excerpt":{"rendered":"<p>Vaccinaties Saint Kitts en Nevis Sint Kitts en Nevis vaccinatieadvies Maak nu een afspraak Afspraak maken Vaccinaties zorgen voor bescherming tegen verschillende infectieziekten. Het advies is afhankelijk van onder andere de duur van je reis, je persoonlijke gezondheidssituatie en doel van je reis. Tijdens een afspraak geven we je uitgebreid advies over welke vaccinaties er [&hellip;]<\/p>\n","protected":false},"author":6,"featured_media":0,"parent":0,"menu_order":0,"comment_status":"closed","ping_status":"closed","template":"","meta":{"inline_featured_image":false,"site-sidebar-layout":"no-sidebar","site-content-layout":"page-builder","ast-site-content-layout":"default","site-content-style":"default","site-sidebar-style":"default","ast-global-header-display":"","ast-banner-title-visibility":"","ast-main-header-display":"","ast-hfb-above-header-display":"","ast-hfb-below-header-display":"","ast-hfb-mobile-header-display":"","site-post-title":"disabled","ast-breadcrumbs-content":"","ast-featured-img":"disabled","footer-sml-layout":"","ast-disable-related-posts":"","theme-transparent-header-meta":"","adv-header-id-meta":"","stick-header-meta":"","header-above-stick-meta":"","header-main-stick-meta":"","header-below-stick-meta":"","astra-migrate-meta-layouts":"default","ast-page-background-enabled":"default","ast-page-background-meta":{"desktop":{"background-color":"var(--ast-global-color-4)","background-image":"","background-repeat":"repeat","background-position":"center center","background-size":"auto","background-attachment":"scroll","background-type":"","background-media":"","overlay-type":"","overlay-color":"","overlay-opacity":"","overlay-gradient":""},"tablet":{"background-color":"","background-image":"","background-repeat":"repeat","background-position":"center center","background-size":"auto","background-attachment":"scroll","background-type":"","background-media":"","overlay-type":"","overlay-color":"","overlay-opacity":"","overlay-gradient":""},"mobile":{"background-color":"","background-image":"","background-repeat":"repeat","background-position":"center center","background-size":"auto","background-attachment":"scroll","background-type":"","background-media":"","overlay-type":"","overlay-color":"","overlay-opacity":"","overlay-gradient":""}},"ast-content-background-meta":{"desktop":{"background-color":"var(--ast-global-color-5)","background-image":"","background-repeat":"repeat","background-position":"center center","background-size":"auto","background-attachment":"scroll","background-type":"","background-media":"","overlay-type":"","overlay-color":"","overlay-opacity":"","overlay-gradient":""},"tablet":{"background-color":"var(--ast-global-color-5)","background-image":"","background-repeat":"repeat","background-position":"center center","background-size":"auto","background-attachment":"scroll","background-type":"","background-media":"","overlay-type":"","overlay-color":"","overlay-opacity":"","overlay-gradient":""},"mobile":{"background-color":"var(--ast-global-color-5)","background-image":"","background-repeat":"repeat","background-position":"center center","background-size":"auto","background-attachment":"scroll","background-type":"","background-media":"","overlay-type":"","overlay-color":"","overlay-opacity":"","overlay-gradient":""}},"footnotes":""},"categories":[],"tags":[],"class_list":["post-1965","page","type-page","status-publish","hentry"],"yoast_head":"<!-- This site is optimized with the Yoast SEO plugin v27.3 - https:\/\/yoast.com\/product\/yoast-seo-wordpress\/ -->\n<title>Vaccinaties Saint Kitts en Nevis - Vaccinatiepunt<\/title>\n<meta name=\"robots\" content=\"index, follow, max-snippet:-1, max-image-preview:large, max-video-preview:-1\" \/>\n<link rel=\"canonical\" href=\"https:\/\/vaccinatiepunt.nl\/tr\/asilar-saint-kitts-ve-nevis\/\" \/>\n<meta property=\"og:locale\" content=\"tr_TR\" \/>\n<meta property=\"og:type\" content=\"article\" \/>\n<meta property=\"og:title\" content=\"Vaccinaties Saint Kitts en Nevis - Vaccinatiepunt\" \/>\n<meta property=\"og:description\" content=\"Vaccinaties Saint Kitts en Nevis Sint Kitts en Nevis vaccinatieadvies Maak nu een afspraak Afspraak maken Vaccinaties zorgen voor bescherming tegen verschillende infectieziekten. Het advies is afhankelijk van onder andere de duur van je reis, je persoonlijke gezondheidssituatie en doel van je reis. Tijdens een afspraak geven we je uitgebreid advies over welke vaccinaties er [&hellip;]\" \/>\n<meta property=\"og:url\" content=\"https:\/\/vaccinatiepunt.nl\/tr\/asilar-saint-kitts-ve-nevis\/\" \/>\n<meta property=\"og:site_name\" content=\"Vaccinatiepunt\" \/>\n<meta property=\"article:modified_time\" content=\"2023-11-02T13:16:08+00:00\" \/>\n<meta property=\"og:image\" content=\"https:\/\/vaccinatiepunt.nl\/wp-content\/uploads\/2022\/12\/Saint-Kitts-en-Nevis.jpeg\" \/>\n<meta name=\"twitter:card\" content=\"summary_large_image\" \/>\n<meta name=\"twitter:label1\" content=\"Tahmini okuma s\u00fcresi\" \/>\n\t<meta name=\"twitter:data1\" content=\"1 dakika\" \/>\n<!-- \/ Yoast SEO plugin. -->","yoast_head_json":{"title":"A\u015f\u0131lar Saint Kitts ve Nevis - A\u015f\u0131 Noktas\u0131","robots":{"index":"index","follow":"follow","max-snippet":"max-snippet:-1","max-image-preview":"max-image-preview:large","max-video-preview":"max-video-preview:-1"},"canonical":"https:\/\/vaccinatiepunt.nl\/tr\/asilar-saint-kitts-ve-nevis\/","og_locale":"tr_TR","og_type":"article","og_title":"Vaccinaties Saint Kitts en Nevis - Vaccinatiepunt","og_description":"Vaccinaties Saint Kitts en Nevis Sint Kitts en Nevis vaccinatieadvies Maak nu een afspraak Afspraak maken Vaccinaties zorgen voor bescherming tegen verschillende infectieziekten. Het advies is afhankelijk van onder andere de duur van je reis, je persoonlijke gezondheidssituatie en doel van je reis. Tijdens een afspraak geven we je uitgebreid advies over welke vaccinaties er [&hellip;]","og_url":"https:\/\/vaccinatiepunt.nl\/tr\/asilar-saint-kitts-ve-nevis\/","og_site_name":"Vaccinatiepunt","article_modified_time":"2023-11-02T13:16:08+00:00","og_image":[{"url":"https:\/\/vaccinatiepunt.nl\/wp-content\/uploads\/2022\/12\/Saint-Kitts-en-Nevis.jpeg","type":"","width":"","height":""}],"twitter_card":"summary_large_image","twitter_misc":{"Tahmini okuma s\u00fcresi":"1 dakika"},"schema":{"@context":"https:\/\/schema.org","@graph":[{"@type":"WebPage","@id":"https:\/\/vaccinatiepunt.nl\/tr\/vaccinaties-saint-kitts-en-nevis\/","url":"https:\/\/vaccinatiepunt.nl\/tr\/vaccinaties-saint-kitts-en-nevis\/","name":"A\u015f\u0131lar Saint Kitts ve Nevis - A\u015f\u0131 Noktas\u0131","isPartOf":{"@id":"https:\/\/vaccinatiepunt.nl\/tr\/#website"},"primaryImageOfPage":{"@id":"https:\/\/vaccinatiepunt.nl\/tr\/vaccinaties-saint-kitts-en-nevis\/#primaryimage"},"image":{"@id":"https:\/\/vaccinatiepunt.nl\/tr\/vaccinaties-saint-kitts-en-nevis\/#primaryimage"},"thumbnailUrl":"https:\/\/vaccinatiepunt.nl\/wp-content\/uploads\/2022\/12\/Saint-Kitts-en-Nevis.jpeg","datePublished":"2022-12-13T10:43:50+00:00","dateModified":"2023-11-02T13:16:08+00:00","breadcrumb":{"@id":"https:\/\/vaccinatiepunt.nl\/tr\/vaccinaties-saint-kitts-en-nevis\/#breadcrumb"},"inLanguage":"tr","potentialAction":[{"@type":"ReadAction","target":["https:\/\/vaccinatiepunt.nl\/tr\/vaccinaties-saint-kitts-en-nevis\/"]}]},{"@type":"ImageObject","inLanguage":"tr","@id":"https:\/\/vaccinatiepunt.nl\/tr\/vaccinaties-saint-kitts-en-nevis\/#primaryimage","url":"https:\/\/vaccinatiepunt.nl\/wp-content\/uploads\/2022\/12\/Saint-Kitts-en-Nevis.jpeg","contentUrl":"https:\/\/vaccinatiepunt.nl\/wp-content\/uploads\/2022\/12\/Saint-Kitts-en-Nevis.jpeg"},{"@type":"BreadcrumbList","@id":"https:\/\/vaccinatiepunt.nl\/tr\/vaccinaties-saint-kitts-en-nevis\/#breadcrumb","itemListElement":[{"@type":"ListItem","position":1,"name":"Home","item":"https:\/\/vaccinatiepunt.nl\/"},{"@type":"ListItem","position":2,"name":"Vaccinaties Saint Kitts en Nevis"}]},{"@type":"WebSite","@id":"https:\/\/vaccinatiepunt.nl\/tr\/#website","url":"https:\/\/vaccinatiepunt.nl\/tr\/","name":"A\u015f\u0131lama noktas\u0131","description":"","publisher":{"@id":"https:\/\/vaccinatiepunt.nl\/tr\/#organization"},"potentialAction":[{"@type":"SearchAction","target":{"@type":"EntryPoint","urlTemplate":"https:\/\/vaccinatiepunt.nl\/tr\/?s={search_term_string}"},"query-input":{"@type":"PropertyValueSpecification","valueRequired":true,"valueName":"search_term_string"}}],"inLanguage":"tr"},{"@type":"Organization","@id":"https:\/\/vaccinatiepunt.nl\/tr\/#organization","name":"A\u015f\u0131lama noktas\u0131","url":"https:\/\/vaccinatiepunt.nl\/tr\/","logo":{"@type":"ImageObject","inLanguage":"tr","@id":"https:\/\/vaccinatiepunt.nl\/tr\/#\/schema\/logo\/image\/","url":"https:\/\/vaccinatiepunt.nl\/wp-content\/uploads\/2025\/12\/Zonder-titel-Instagram-bericht.png","contentUrl":"https:\/\/vaccinatiepunt.nl\/wp-content\/uploads\/2025\/12\/Zonder-titel-Instagram-bericht.png","width":1080,"height":1080,"caption":"Vaccinatiepunt"},"image":{"@id":"https:\/\/vaccinatiepunt.nl\/tr\/#\/schema\/logo\/image\/"}}]}},"_links":{"self":[{"href":"https:\/\/vaccinatiepunt.nl\/tr\/wp-json\/wp\/v2\/pages\/1965","targetHints":{"allow":["GET"]}}],"collection":[{"href":"https:\/\/vaccinatiepunt.nl\/tr\/wp-json\/wp\/v2\/pages"}],"about":[{"href":"https:\/\/vaccinatiepunt.nl\/tr\/wp-json\/wp\/v2\/types\/page"}],"author":[{"embeddable":true,"href":"https:\/\/vaccinatiepunt.nl\/tr\/wp-json\/wp\/v2\/users\/6"}],"replies":[{"embeddable":true,"href":"https:\/\/vaccinatiepunt.nl\/tr\/wp-json\/wp\/v2\/comments?post=1965"}],"version-history":[{"count":0,"href":"https:\/\/vaccinatiepunt.nl\/tr\/wp-json\/wp\/v2\/pages\/1965\/revisions"}],"wp:attachment":[{"href":"https:\/\/vaccinatiepunt.nl\/tr\/wp-json\/wp\/v2\/media?parent=1965"}],"wp:term":[{"taxonomy":"category","embeddable":true,"href":"https:\/\/vaccinatiepunt.nl\/tr\/wp-json\/wp\/v2\/categories?post=1965"},{"taxonomy":"post_tag","embeddable":true,"href":"https:\/\/vaccinatiepunt.nl\/tr\/wp-json\/wp\/v2\/tags?post=1965"}],"curies":[{"name":"wp","href":"https:\/\/api.w.org\/{rel}","templated":true}]}}