{"id":214,"date":"2022-11-24T10:06:35","date_gmt":"2022-11-24T10:06:35","guid":{"rendered":"http:\/\/vaccinatiepunt.nl\/?page_id=214"},"modified":"2025-12-19T15:44:37","modified_gmt":"2025-12-19T13:44:37","slug":"vaccinaties-broek-op-langedijk","status":"publish","type":"page","link":"https:\/\/vaccinatiepunt.nl\/tr\/vaccinaties-broek-op-langedijk\/","title":{"rendered":"Locatie Broek op Langedijk"},"content":{"rendered":"\t\t<div data-elementor-type=\"wp-page\" data-elementor-id=\"214\" class=\"elementor elementor-214\" data-elementor-post-type=\"page\">\n\t\t\t\t\t\t<section class=\"elementor-section elementor-top-section elementor-element elementor-element-c3cd4cd elementor-section-boxed elementor-section-height-default elementor-section-height-default\" data-id=\"c3cd4cd\" data-element_type=\"section\" data-e-type=\"section\" data-settings=\"{&quot;background_background&quot;:&quot;classic&quot;}\">\n\t\t\t\t\t\t<div class=\"elementor-container elementor-column-gap-default\">\n\t\t\t\t\t<div class=\"elementor-column elementor-col-100 elementor-top-column elementor-element elementor-element-641e98f\" data-id=\"641e98f\" data-element_type=\"column\" data-e-type=\"column\">\n\t\t\t<div class=\"elementor-widget-wrap elementor-element-populated\">\n\t\t\t\t\t\t<div class=\"elementor-element elementor-element-6a198fa elementor-widget elementor-widget-heading\" data-id=\"6a198fa\" data-element_type=\"widget\" data-e-type=\"widget\" data-widget_type=\"heading.default\">\n\t\t\t\t<div class=\"elementor-widget-container\">\n\t\t\t\t\t<h1 class=\"elementor-heading-title elementor-size-default\">Reizigersvaccinatie regio Broek op Langedijk<\/h1>\t\t\t\t<\/div>\n\t\t\t\t<\/div>\n\t\t\t\t\t<\/div>\n\t\t<\/div>\n\t\t\t\t\t<\/div>\n\t\t<\/section>\n\t\t\t\t<section class=\"elementor-section elementor-top-section elementor-element elementor-element-5ede629 elementor-section-boxed elementor-section-height-default elementor-section-height-default\" data-id=\"5ede629\" data-element_type=\"section\" data-e-type=\"section\" data-settings=\"{&quot;background_background&quot;:&quot;classic&quot;,&quot;motion_fx_motion_fx_scrolling&quot;:&quot;yes&quot;,&quot;motion_fx_devices&quot;:[&quot;desktop&quot;,&quot;tablet&quot;,&quot;mobile&quot;]}\">\n\t\t\t\t\t\t\t<div class=\"elementor-background-overlay\"><\/div>\n\t\t\t\t\t\t\t<div class=\"elementor-container elementor-column-gap-default\">\n\t\t\t\t\t<div class=\"elementor-column elementor-col-50 elementor-top-column elementor-element elementor-element-fd284f7\" data-id=\"fd284f7\" data-element_type=\"column\" data-e-type=\"column\">\n\t\t\t<div class=\"elementor-widget-wrap elementor-element-populated\">\n\t\t\t\t\t\t<div class=\"elementor-element elementor-element-ea78da9 elementor-widget elementor-widget-heading\" data-id=\"ea78da9\" data-element_type=\"widget\" data-e-type=\"widget\" data-widget_type=\"heading.default\">\n\t\t\t\t<div class=\"elementor-widget-container\">\n\t\t\t\t\t<h2 class=\"elementor-heading-title elementor-size-default\">Locatie Broek op Langedijk<\/h2>\t\t\t\t<\/div>\n\t\t\t\t<\/div>\n\t\t\t\t<div class=\"elementor-element elementor-element-51dacbe elementor-widget elementor-widget-text-editor\" data-id=\"51dacbe\" data-element_type=\"widget\" data-e-type=\"widget\" data-widget_type=\"text-editor.default\">\n\t\t\t\t<div class=\"elementor-widget-container\">\n\t\t\t\t\t\t\t\t\t<p>Vaccinatiepunt Broek op Langedijk is gevestigd in de Werkfabriek aan Bijlestraal 52,\u00a0<b>Entree aan Oostzijde.<\/b><br \/>Mensen die bij Vaccinatiepunt Broek op Langedijk langskomen voor advies en reizigersvaccinatie wonen en of werken veelal in de regio Broek op Langedijk:<\/p><ul><li>Broek op Langedijk<\/li><li>Koedijk<\/li><li>Noord-Scharwoude<\/li><li>Sint Pancras<\/li><li>Zuid-Scharwoude<\/li><\/ul>\t\t\t\t\t\t\t\t<\/div>\n\t\t\t\t<\/div>\n\t\t\t\t<div class=\"elementor-element elementor-element-23a859a elementor-widget elementor-widget-heading\" data-id=\"23a859a\" data-element_type=\"widget\" data-e-type=\"widget\" data-widget_type=\"heading.default\">\n\t\t\t\t<div class=\"elementor-widget-container\">\n\t\t\t\t\t<h3 class=\"elementor-heading-title elementor-size-default\">Bereikbaarheid<\/h3>\t\t\t\t<\/div>\n\t\t\t\t<\/div>\n\t\t\t\t<div class=\"elementor-element elementor-element-6817d6a elementor-widget elementor-widget-heading\" data-id=\"6817d6a\" data-element_type=\"widget\" data-e-type=\"widget\" data-widget_type=\"heading.default\">\n\t\t\t\t<div class=\"elementor-widget-container\">\n\t\t\t\t\t<h4 class=\"elementor-heading-title elementor-size-default\">Per openbaar vervoer<\/h4>\t\t\t\t<\/div>\n\t\t\t\t<\/div>\n\t\t\t\t<div class=\"elementor-element elementor-element-09ae491 elementor-widget elementor-widget-text-editor\" data-id=\"09ae491\" data-element_type=\"widget\" data-e-type=\"widget\" data-widget_type=\"text-editor.default\">\n\t\t\t\t<div class=\"elementor-widget-container\">\n\t\t\t\t\t\t\t\t\t<p>Buslijn 210, halte Laansloot, Broek op Langedijk. Zie ook:\u00a0<a title=\"Klik hier voor reisadvies via het openbaar vervoer naar Vaccinatiepunt Broek op Langedijk\" href=\"http:\/\/9292.nl\/?naar=broek-op-langedijk_bijlestaal-66\" target=\"_blank\" rel=\"noopener\">9292.nl<\/a>.<\/p>\t\t\t\t\t\t\t\t<\/div>\n\t\t\t\t<\/div>\n\t\t\t\t<div class=\"elementor-element elementor-element-f0e6f72 elementor-widget elementor-widget-heading\" data-id=\"f0e6f72\" data-element_type=\"widget\" data-e-type=\"widget\" data-widget_type=\"heading.default\">\n\t\t\t\t<div class=\"elementor-widget-container\">\n\t\t\t\t\t<h4 class=\"elementor-heading-title elementor-size-default\">Per auto<\/h4>\t\t\t\t<\/div>\n\t\t\t\t<\/div>\n\t\t\t\t<div class=\"elementor-element elementor-element-bd3b328 elementor-widget elementor-widget-text-editor\" data-id=\"bd3b328\" data-element_type=\"widget\" data-e-type=\"widget\" data-widget_type=\"text-editor.default\">\n\t\t\t\t<div class=\"elementor-widget-container\">\n\t\t\t\t\t\t\t\t\t<p>Ga voor de routebeschrijving naar\u00a0onderstaande kaart van Google maps.<\/p>\t\t\t\t\t\t\t\t<\/div>\n\t\t\t\t<\/div>\n\t\t\t\t<div class=\"elementor-element elementor-element-988ff7a elementor-widget elementor-widget-heading\" data-id=\"988ff7a\" data-element_type=\"widget\" data-e-type=\"widget\" data-widget_type=\"heading.default\">\n\t\t\t\t<div class=\"elementor-widget-container\">\n\t\t\t\t\t<h4 class=\"elementor-heading-title elementor-size-default\">Parkeren<\/h4>\t\t\t\t<\/div>\n\t\t\t\t<\/div>\n\t\t\t\t<div class=\"elementor-element elementor-element-ed4d3ed elementor-widget elementor-widget-text-editor\" data-id=\"ed4d3ed\" data-element_type=\"widget\" data-e-type=\"widget\" data-widget_type=\"text-editor.default\">\n\t\t\t\t<div class=\"elementor-widget-container\">\n\t\t\t\t\t\t\t\t\t<p>Er is parkeergelegenheid aan de oostzijde .<\/p>\t\t\t\t\t\t\t\t<\/div>\n\t\t\t\t<\/div>\n\t\t\t\t\t<\/div>\n\t\t<\/div>\n\t\t\t\t<div class=\"elementor-column elementor-col-50 elementor-top-column elementor-element elementor-element-1250908\" data-id=\"1250908\" data-element_type=\"column\" data-e-type=\"column\" data-settings=\"{&quot;background_background&quot;:&quot;classic&quot;}\">\n\t\t\t<div class=\"elementor-widget-wrap elementor-element-populated\">\n\t\t\t\t\t\t<section class=\"elementor-section elementor-inner-section elementor-element elementor-element-e1a24a7 elementor-section-boxed elementor-section-height-default elementor-section-height-default\" data-id=\"e1a24a7\" data-element_type=\"section\" data-e-type=\"section\" data-settings=\"{&quot;background_background&quot;:&quot;classic&quot;}\">\n\t\t\t\t\t\t<div class=\"elementor-container elementor-column-gap-default\">\n\t\t\t\t\t<div class=\"elementor-column elementor-col-100 elementor-inner-column elementor-element elementor-element-e1905e2\" data-id=\"e1905e2\" data-element_type=\"column\" data-e-type=\"column\" data-settings=\"{&quot;background_background&quot;:&quot;classic&quot;}\">\n\t\t\t<div class=\"elementor-widget-wrap elementor-element-populated\">\n\t\t\t\t\t\t<div class=\"elementor-element elementor-element-1bb1f23 elementor-widget elementor-widget-heading\" data-id=\"1bb1f23\" data-element_type=\"widget\" data-e-type=\"widget\" data-widget_type=\"heading.default\">\n\t\t\t\t<div class=\"elementor-widget-container\">\n\t\t\t\t\t<h3 class=\"elementor-heading-title elementor-size-default\">Afspraak maken<\/h3>\t\t\t\t<\/div>\n\t\t\t\t<\/div>\n\t\t\t\t<div class=\"elementor-element elementor-element-48cc756 elementor-align-left elementor-widget__width-auto elementor-widget-tablet__width-inherit elementor-widget elementor-widget-button\" data-id=\"48cc756\" data-element_type=\"widget\" data-e-type=\"widget\" data-widget_type=\"button.default\">\n\t\t\t\t<div class=\"elementor-widget-container\">\n\t\t\t\t\t\t\t\t\t<div class=\"elementor-button-wrapper\">\n\t\t\t\t\t<a class=\"elementor-button elementor-button-link elementor-size-sm\" href=\"https:\/\/vaccinatiepunt.nl\/afspraak-maken\/broek-op-langedijk\/reiziger\/\">\n\t\t\t\t\t\t<span class=\"elementor-button-content-wrapper\">\n\t\t\t\t\t\t\t\t\t<span class=\"elementor-button-text\">Reizigersvaccinatie<\/span>\n\t\t\t\t\t<\/span>\n\t\t\t\t\t<\/a>\n\t\t\t\t<\/div>\n\t\t\t\t\t\t\t\t<\/div>\n\t\t\t\t<\/div>\n\t\t\t\t<div class=\"elementor-element elementor-element-ad5a5df elementor-align-left elementor-widget__width-auto elementor-widget-tablet__width-inherit elementor-widget elementor-widget-button\" data-id=\"ad5a5df\" data-element_type=\"widget\" data-e-type=\"widget\" data-widget_type=\"button.default\">\n\t\t\t\t<div class=\"elementor-widget-container\">\n\t\t\t\t\t\t\t\t\t<div class=\"elementor-button-wrapper\">\n\t\t\t\t\t<a class=\"elementor-button elementor-button-link elementor-size-sm\" href=\"https:\/\/vaccinatiepunt.nl\/afspraak-maken\/broek-op-langedijk\/bedrijf\/\">\n\t\t\t\t\t\t<span class=\"elementor-button-content-wrapper\">\n\t\t\t\t\t\t\t\t\t<span class=\"elementor-button-text\">Bedrijfsvaccinatie<\/span>\n\t\t\t\t\t<\/span>\n\t\t\t\t\t<\/a>\n\t\t\t\t<\/div>\n\t\t\t\t\t\t\t\t<\/div>\n\t\t\t\t<\/div>\n\t\t\t\t<div class=\"elementor-element elementor-element-8a70d8d elementor-widget elementor-widget-google_maps\" data-id=\"8a70d8d\" data-element_type=\"widget\" data-e-type=\"widget\" data-widget_type=\"google_maps.default\">\n\t\t\t\t<div class=\"elementor-widget-container\">\n\t\t\t\t\t\t\t<div class=\"elementor-custom-embed\">\n\t\t\t<iframe loading=\"lazy\"\n\t\t\t\t\tsrc=\"https:\/\/maps.google.com\/maps?q=Vaccinatiepunt%20Broek%20op%20Langedijk&#038;t=m&#038;z=10&#038;output=embed&#038;iwloc=near\"\n\t\t\t\t\ttitle=\"Vaccinatiepunt Broek op Langedijk\"\n\t\t\t\t\taria-label=\"Vaccinatiepunt Broek op Langedijk\"\n\t\t\t><\/iframe>\n\t\t<\/div>\n\t\t\t\t\t\t<\/div>\n\t\t\t\t<\/div>\n\t\t\t\t\t<\/div>\n\t\t<\/div>\n\t\t\t\t\t<\/div>\n\t\t<\/section>\n\t\t\t\t\t<\/div>\n\t\t<\/div>\n\t\t\t\t\t<\/div>\n\t\t<\/section>\n\t\t\t\t<\/div>\n\t\t","protected":false},"excerpt":{"rendered":"<p>Reizigersvaccinatie regio Broek op Langedijk Locatie Broek op Langedijk Vaccinatiepunt Broek op Langedijk is gevestigd in de Werkfabriek aan Bijlestraal 52,\u00a0Entree aan Oostzijde.Mensen die bij Vaccinatiepunt Broek op Langedijk langskomen voor advies en reizigersvaccinatie wonen en of werken veelal in de regio Broek op Langedijk: Broek op Langedijk Koedijk Noord-Scharwoude Sint Pancras Zuid-Scharwoude Bereikbaarheid Per [&hellip;]<\/p>\n","protected":false},"author":6,"featured_media":0,"parent":0,"menu_order":0,"comment_status":"closed","ping_status":"closed","template":"","meta":{"inline_featured_image":false,"site-sidebar-layout":"no-sidebar","site-content-layout":"page-builder","ast-site-content-layout":"full-width-container","site-content-style":"unboxed","site-sidebar-style":"unboxed","ast-global-header-display":"","ast-banner-title-visibility":"","ast-main-header-display":"","ast-hfb-above-header-display":"","ast-hfb-below-header-display":"","ast-hfb-mobile-header-display":"","site-post-title":"disabled","ast-breadcrumbs-content":"","ast-featured-img":"disabled","footer-sml-layout":"","ast-disable-related-posts":"","theme-transparent-header-meta":"","adv-header-id-meta":"","stick-header-meta":"","header-above-stick-meta":"","header-main-stick-meta":"","header-below-stick-meta":"","astra-migrate-meta-layouts":"set","ast-page-background-enabled":"default","ast-page-background-meta":{"desktop":{"background-color":"var(--ast-global-color-4)","background-image":"","background-repeat":"repeat","background-position":"center center","background-size":"auto","background-attachment":"scroll","background-type":"","background-media":"","overlay-type":"","overlay-color":"","overlay-opacity":"","overlay-gradient":""},"tablet":{"background-color":"","background-image":"","background-repeat":"repeat","background-position":"center center","background-size":"auto","background-attachment":"scroll","background-type":"","background-media":"","overlay-type":"","overlay-color":"","overlay-opacity":"","overlay-gradient":""},"mobile":{"background-color":"","background-image":"","background-repeat":"repeat","background-position":"center center","background-size":"auto","background-attachment":"scroll","background-type":"","background-media":"","overlay-type":"","overlay-color":"","overlay-opacity":"","overlay-gradient":""}},"ast-content-background-meta":{"desktop":{"background-color":"var(--ast-global-color-5)","background-image":"","background-repeat":"repeat","background-position":"center center","background-size":"auto","background-attachment":"scroll","background-type":"","background-media":"","overlay-type":"","overlay-color":"","overlay-opacity":"","overlay-gradient":""},"tablet":{"background-color":"var(--ast-global-color-5)","background-image":"","background-repeat":"repeat","background-position":"center center","background-size":"auto","background-attachment":"scroll","background-type":"","background-media":"","overlay-type":"","overlay-color":"","overlay-opacity":"","overlay-gradient":""},"mobile":{"background-color":"var(--ast-global-color-5)","background-image":"","background-repeat":"repeat","background-position":"center center","background-size":"auto","background-attachment":"scroll","background-type":"","background-media":"","overlay-type":"","overlay-color":"","overlay-opacity":"","overlay-gradient":""}},"footnotes":""},"categories":[],"tags":[],"class_list":["post-214","page","type-page","status-publish","hentry"],"yoast_head":"<!-- This site is optimized with the Yoast SEO plugin v27.5 - https:\/\/yoast.com\/product\/yoast-seo-wordpress\/ -->\n<title>Locatie Broek op Langedijk - Vaccinatiepunt<\/title>\n<meta name=\"robots\" content=\"index, follow, max-snippet:-1, max-image-preview:large, max-video-preview:-1\" \/>\n<link rel=\"canonical\" href=\"https:\/\/vaccinatiepunt.nl\/tr\/vaccinaties-broek-op-langedijk\/\" \/>\n<meta property=\"og:locale\" content=\"tr_TR\" \/>\n<meta property=\"og:type\" content=\"article\" \/>\n<meta property=\"og:title\" content=\"Locatie Broek op Langedijk - Vaccinatiepunt\" \/>\n<meta property=\"og:description\" content=\"Reizigersvaccinatie regio Broek op Langedijk Locatie Broek op Langedijk Vaccinatiepunt Broek op Langedijk is gevestigd in de Werkfabriek aan Bijlestraal 52,\u00a0Entree aan Oostzijde.Mensen die bij Vaccinatiepunt Broek op Langedijk langskomen voor advies en reizigersvaccinatie wonen en of werken veelal in de regio Broek op Langedijk: Broek op Langedijk Koedijk Noord-Scharwoude Sint Pancras Zuid-Scharwoude Bereikbaarheid Per [&hellip;]\" \/>\n<meta property=\"og:url\" content=\"https:\/\/vaccinatiepunt.nl\/tr\/vaccinaties-broek-op-langedijk\/\" \/>\n<meta property=\"og:site_name\" content=\"Vaccinatiepunt\" \/>\n<meta property=\"article:modified_time\" content=\"2025-12-19T13:44:37+00:00\" \/>\n<meta property=\"og:image\" content=\"https:\/\/vaccinatiepunt.nl\/wp-content\/uploads\/2025\/12\/Ontwerp-zonder-titel-2-scaled.png\" \/>\n\t<meta property=\"og:image:width\" content=\"2560\" \/>\n\t<meta property=\"og:image:height\" content=\"1067\" \/>\n\t<meta property=\"og:image:type\" content=\"image\/png\" \/>\n<meta name=\"twitter:card\" content=\"summary_large_image\" \/>\n<meta name=\"twitter:label1\" content=\"Tahmini okuma s\u00fcresi\" \/>\n\t<meta name=\"twitter:data1\" content=\"1 dakika\" \/>\n<!-- \/ Yoast SEO plugin. -->","yoast_head_json":{"title":"Locatie Broek op Langedijk - Vaccinatiepunt","robots":{"index":"index","follow":"follow","max-snippet":"max-snippet:-1","max-image-preview":"max-image-preview:large","max-video-preview":"max-video-preview:-1"},"canonical":"https:\/\/vaccinatiepunt.nl\/tr\/vaccinaties-broek-op-langedijk\/","og_locale":"tr_TR","og_type":"article","og_title":"Locatie Broek op Langedijk - Vaccinatiepunt","og_description":"Reizigersvaccinatie regio Broek op Langedijk Locatie Broek op Langedijk Vaccinatiepunt Broek op Langedijk is gevestigd in de Werkfabriek aan Bijlestraal 52,\u00a0Entree aan Oostzijde.Mensen die bij Vaccinatiepunt Broek op Langedijk langskomen voor advies en reizigersvaccinatie wonen en of werken veelal in de regio Broek op Langedijk: Broek op Langedijk Koedijk Noord-Scharwoude Sint Pancras Zuid-Scharwoude Bereikbaarheid Per [&hellip;]","og_url":"https:\/\/vaccinatiepunt.nl\/tr\/vaccinaties-broek-op-langedijk\/","og_site_name":"Vaccinatiepunt","article_modified_time":"2025-12-19T13:44:37+00:00","og_image":[{"width":2560,"height":1067,"url":"https:\/\/vaccinatiepunt.nl\/wp-content\/uploads\/2025\/12\/Ontwerp-zonder-titel-2-scaled.png","type":"image\/png"}],"twitter_card":"summary_large_image","twitter_misc":{"Tahmini okuma s\u00fcresi":"1 dakika"},"schema":{"@context":"https:\/\/schema.org","@graph":[{"@type":"WebPage","@id":"https:\/\/vaccinatiepunt.nl\/tr\/vaccinaties-broek-op-langedijk\/","url":"https:\/\/vaccinatiepunt.nl\/tr\/vaccinaties-broek-op-langedijk\/","name":"Locatie Broek op Langedijk - Vaccinatiepunt","isPartOf":{"@id":"https:\/\/vaccinatiepunt.nl\/tr\/#website"},"datePublished":"2022-11-24T10:06:35+00:00","dateModified":"2025-12-19T13:44:37+00:00","breadcrumb":{"@id":"https:\/\/vaccinatiepunt.nl\/tr\/vaccinaties-broek-op-langedijk\/#breadcrumb"},"inLanguage":"tr","potentialAction":[{"@type":"ReadAction","target":["https:\/\/vaccinatiepunt.nl\/tr\/vaccinaties-broek-op-langedijk\/"]}]},{"@type":"BreadcrumbList","@id":"https:\/\/vaccinatiepunt.nl\/tr\/vaccinaties-broek-op-langedijk\/#breadcrumb","itemListElement":[{"@type":"ListItem","position":1,"name":"Home","item":"https:\/\/vaccinatiepunt.nl\/"},{"@type":"ListItem","position":2,"name":"Locatie Broek op Langedijk"}]},{"@type":"WebSite","@id":"https:\/\/vaccinatiepunt.nl\/tr\/#website","url":"https:\/\/vaccinatiepunt.nl\/tr\/","name":"A\u015f\u0131lama noktas\u0131","description":"","publisher":{"@id":"https:\/\/vaccinatiepunt.nl\/tr\/#organization"},"potentialAction":[{"@type":"SearchAction","target":{"@type":"EntryPoint","urlTemplate":"https:\/\/vaccinatiepunt.nl\/tr\/?s={search_term_string}"},"query-input":{"@type":"PropertyValueSpecification","valueRequired":true,"valueName":"search_term_string"}}],"inLanguage":"tr"},{"@type":"Organization","@id":"https:\/\/vaccinatiepunt.nl\/tr\/#organization","name":"A\u015f\u0131lama noktas\u0131","url":"https:\/\/vaccinatiepunt.nl\/tr\/","logo":{"@type":"ImageObject","inLanguage":"tr","@id":"https:\/\/vaccinatiepunt.nl\/tr\/#\/schema\/logo\/image\/","url":"https:\/\/vaccinatiepunt.nl\/wp-content\/uploads\/2025\/12\/Zonder-titel-Instagram-bericht.png","contentUrl":"https:\/\/vaccinatiepunt.nl\/wp-content\/uploads\/2025\/12\/Zonder-titel-Instagram-bericht.png","width":1080,"height":1080,"caption":"Vaccinatiepunt"},"image":{"@id":"https:\/\/vaccinatiepunt.nl\/tr\/#\/schema\/logo\/image\/"}}]}},"_links":{"self":[{"href":"https:\/\/vaccinatiepunt.nl\/tr\/wp-json\/wp\/v2\/pages\/214","targetHints":{"allow":["GET"]}}],"collection":[{"href":"https:\/\/vaccinatiepunt.nl\/tr\/wp-json\/wp\/v2\/pages"}],"about":[{"href":"https:\/\/vaccinatiepunt.nl\/tr\/wp-json\/wp\/v2\/types\/page"}],"author":[{"embeddable":true,"href":"https:\/\/vaccinatiepunt.nl\/tr\/wp-json\/wp\/v2\/users\/6"}],"replies":[{"embeddable":true,"href":"https:\/\/vaccinatiepunt.nl\/tr\/wp-json\/wp\/v2\/comments?post=214"}],"version-history":[{"count":0,"href":"https:\/\/vaccinatiepunt.nl\/tr\/wp-json\/wp\/v2\/pages\/214\/revisions"}],"wp:attachment":[{"href":"https:\/\/vaccinatiepunt.nl\/tr\/wp-json\/wp\/v2\/media?parent=214"}],"wp:term":[{"taxonomy":"category","embeddable":true,"href":"https:\/\/vaccinatiepunt.nl\/tr\/wp-json\/wp\/v2\/categories?post=214"},{"taxonomy":"post_tag","embeddable":true,"href":"https:\/\/vaccinatiepunt.nl\/tr\/wp-json\/wp\/v2\/tags?post=214"}],"curies":[{"name":"wp","href":"https:\/\/api.w.org\/{rel}","templated":true}]}}