{"id":2990,"date":"2022-12-15T10:58:47","date_gmt":"2022-12-15T10:58:47","guid":{"rendered":"http:\/\/vaccinatiepunt.nl\/?page_id=2990"},"modified":"2023-11-02T13:02:01","modified_gmt":"2023-11-02T13:02:01","slug":"hollanda-asilamalari","status":"publish","type":"page","link":"https:\/\/vaccinatiepunt.nl\/tr\/vaccinaties-nederland\/","title":{"rendered":"A\u015f\u0131lar Hollanda"},"content":{"rendered":"\t\t<div data-elementor-type=\"wp-page\" data-elementor-id=\"2990\" class=\"elementor elementor-2990\" data-elementor-post-type=\"page\">\n\t\t\t\t\t\t<section class=\"elementor-section elementor-top-section elementor-element elementor-element-0ab821b elementor-section-boxed elementor-section-height-default elementor-section-height-default\" data-id=\"0ab821b\" data-element_type=\"section\" data-e-type=\"section\" data-settings=\"{&quot;background_background&quot;:&quot;classic&quot;}\">\n\t\t\t\t\t\t<div class=\"elementor-container elementor-column-gap-default\">\n\t\t\t\t\t<div class=\"elementor-column elementor-col-100 elementor-top-column elementor-element elementor-element-e3ea946\" data-id=\"e3ea946\" data-element_type=\"column\" data-e-type=\"column\">\n\t\t\t<div class=\"elementor-widget-wrap elementor-element-populated\">\n\t\t\t\t\t\t<div class=\"elementor-element elementor-element-6a198fa elementor-widget elementor-widget-heading\" data-id=\"6a198fa\" data-element_type=\"widget\" data-e-type=\"widget\" data-widget_type=\"heading.default\">\n\t\t\t\t<div class=\"elementor-widget-container\">\n\t\t\t\t\t<h1 class=\"elementor-heading-title elementor-size-default\">Vaccinaties Nederland<\/h1>\t\t\t\t<\/div>\n\t\t\t\t<\/div>\n\t\t\t\t\t<\/div>\n\t\t<\/div>\n\t\t\t\t\t<\/div>\n\t\t<\/section>\n\t\t\t\t<section class=\"elementor-section elementor-top-section elementor-element elementor-element-c3cd4cd elementor-section-boxed elementor-section-height-default elementor-section-height-default\" data-id=\"c3cd4cd\" data-element_type=\"section\" data-e-type=\"section\" data-settings=\"{&quot;background_background&quot;:&quot;classic&quot;}\">\n\t\t\t\t\t\t<div class=\"elementor-container elementor-column-gap-default\">\n\t\t\t\t\t<div class=\"elementor-column elementor-col-50 elementor-top-column elementor-element elementor-element-641e98f\" data-id=\"641e98f\" data-element_type=\"column\" data-e-type=\"column\">\n\t\t\t<div class=\"elementor-widget-wrap elementor-element-populated\">\n\t\t\t\t\t\t<div class=\"elementor-element elementor-element-65cee8a elementor-widget elementor-widget-image\" data-id=\"65cee8a\" data-element_type=\"widget\" data-e-type=\"widget\" data-widget_type=\"image.default\">\n\t\t\t\t<div class=\"elementor-widget-container\">\n\t\t\t\t\t\t\t\t\t\t\t\t\t\t\t<img fetchpriority=\"high\" decoding=\"async\" width=\"512\" height=\"340\" src=\"https:\/\/vaccinatiepunt.nl\/wp-content\/uploads\/2022\/12\/Nederland.jpeg\" class=\"attachment-full size-full wp-image-3254\" alt=\"Nederland\" srcset=\"https:\/\/vaccinatiepunt.nl\/wp-content\/uploads\/2022\/12\/Nederland.jpeg 512w, https:\/\/vaccinatiepunt.nl\/wp-content\/uploads\/2022\/12\/Nederland-300x199.jpeg 300w\" sizes=\"(max-width: 512px) 100vw, 512px\" \/>\t\t\t\t\t\t\t\t\t\t\t\t\t\t\t<\/div>\n\t\t\t\t<\/div>\n\t\t\t\t\t<\/div>\n\t\t<\/div>\n\t\t\t\t<div class=\"elementor-column elementor-col-50 elementor-top-column elementor-element elementor-element-bc652a9\" data-id=\"bc652a9\" data-element_type=\"column\" data-e-type=\"column\" data-settings=\"{&quot;background_background&quot;:&quot;classic&quot;}\">\n\t\t\t<div class=\"elementor-widget-wrap elementor-element-populated\">\n\t\t\t\t\t\t<div class=\"elementor-element elementor-element-75e8cd8 elementor-widget elementor-widget-heading\" data-id=\"75e8cd8\" data-element_type=\"widget\" data-e-type=\"widget\" data-widget_type=\"heading.default\">\n\t\t\t\t<div class=\"elementor-widget-container\">\n\t\t\t\t\t<h2 class=\"elementor-heading-title elementor-size-default\"><span style=\"background-color: var( --e-global-color-7542051 )\">Nederland <\/span>vaccinatieadvies<\/h2>\t\t\t\t<\/div>\n\t\t\t\t<\/div>\n\t\t\t\t<div class=\"elementor-element elementor-element-3ef31cc elementor-widget elementor-widget-text-editor\" data-id=\"3ef31cc\" data-element_type=\"widget\" data-e-type=\"widget\" data-widget_type=\"text-editor.default\">\n\t\t\t\t<div class=\"elementor-widget-container\">\n\t\t\t\t\t\t\t\t\t<p>Hiervoor verwijzen wij door naar het vaccinatieprogramma van de rijksoverheid.<\/p>\t\t\t\t\t\t\t\t<\/div>\n\t\t\t\t<\/div>\n\t\t\t\t\t<\/div>\n\t\t<\/div>\n\t\t\t\t\t<\/div>\n\t\t<\/section>\n\t\t\t\t<section class=\"elementor-section elementor-top-section elementor-element elementor-element-86b53be elementor-section-boxed elementor-section-height-default elementor-section-height-default\" data-id=\"86b53be\" data-element_type=\"section\" data-e-type=\"section\" data-settings=\"{&quot;background_background&quot;:&quot;classic&quot;}\">\n\t\t\t\t\t\t<div class=\"elementor-container elementor-column-gap-default\">\n\t\t\t\t\t<div class=\"elementor-column elementor-col-100 elementor-top-column elementor-element elementor-element-6c67432\" data-id=\"6c67432\" data-element_type=\"column\" data-e-type=\"column\">\n\t\t\t<div class=\"elementor-widget-wrap elementor-element-populated\">\n\t\t\t\t\t\t<div class=\"elementor-element elementor-element-8c3102c elementor-widget elementor-widget-heading\" data-id=\"8c3102c\" data-element_type=\"widget\" data-e-type=\"widget\" data-widget_type=\"heading.default\">\n\t\t\t\t<div class=\"elementor-widget-container\">\n\t\t\t\t\t<h2 class=\"elementor-heading-title elementor-size-default\">Maak nu een afspraak<\/h2>\t\t\t\t<\/div>\n\t\t\t\t<\/div>\n\t\t\t\t<section class=\"elementor-section elementor-inner-section elementor-element elementor-element-fdebb03 elementor-section-boxed elementor-section-height-default elementor-section-height-default\" data-id=\"fdebb03\" data-element_type=\"section\" data-e-type=\"section\">\n\t\t\t\t\t\t<div class=\"elementor-container elementor-column-gap-default\">\n\t\t\t\t\t<div class=\"elementor-column elementor-col-100 elementor-inner-column elementor-element elementor-element-a22a7ba\" data-id=\"a22a7ba\" data-element_type=\"column\" data-e-type=\"column\">\n\t\t\t<div class=\"elementor-widget-wrap elementor-element-populated\">\n\t\t\t\t\t\t<div class=\"elementor-element elementor-element-78be4e4 elementor-align-left elementor-widget elementor-widget-button\" data-id=\"78be4e4\" data-element_type=\"widget\" data-e-type=\"widget\" data-widget_type=\"button.default\">\n\t\t\t\t<div class=\"elementor-widget-container\">\n\t\t\t\t\t\t\t\t\t<div class=\"elementor-button-wrapper\">\n\t\t\t\t\t<a class=\"elementor-button elementor-button-link elementor-size-md elementor-animation-grow\" href=\"https:\/\/vaccinatiepunt.nl\/tr\/afspraak-maken\/\">\n\t\t\t\t\t\t<span class=\"elementor-button-content-wrapper\">\n\t\t\t\t\t\t\t\t\t<span class=\"elementor-button-text\">Afspraak maken<\/span>\n\t\t\t\t\t<\/span>\n\t\t\t\t\t<\/a>\n\t\t\t\t<\/div>\n\t\t\t\t\t\t\t\t<\/div>\n\t\t\t\t<\/div>\n\t\t\t\t\t<\/div>\n\t\t<\/div>\n\t\t\t\t\t<\/div>\n\t\t<\/section>\n\t\t\t\t\t<\/div>\n\t\t<\/div>\n\t\t\t\t\t<\/div>\n\t\t<\/section>\n\t\t\t\t<section class=\"elementor-section elementor-top-section elementor-element elementor-element-9c54bd2 elementor-section-boxed elementor-section-height-default elementor-section-height-default\" data-id=\"9c54bd2\" data-element_type=\"section\" data-e-type=\"section\" data-settings=\"{&quot;background_background&quot;:&quot;classic&quot;,&quot;motion_fx_motion_fx_scrolling&quot;:&quot;yes&quot;,&quot;motion_fx_devices&quot;:[&quot;desktop&quot;,&quot;tablet&quot;,&quot;mobile&quot;]}\">\n\t\t\t\t\t\t\t<div class=\"elementor-background-overlay\"><\/div>\n\t\t\t\t\t\t\t<div class=\"elementor-container elementor-column-gap-default\">\n\t\t\t\t\t<div class=\"elementor-column elementor-col-100 elementor-top-column elementor-element elementor-element-9e6aa55\" data-id=\"9e6aa55\" data-element_type=\"column\" data-e-type=\"column\">\n\t\t\t<div class=\"elementor-widget-wrap elementor-element-populated\">\n\t\t\t\t\t\t<div class=\"elementor-element elementor-element-e7eb466 elementor-widget elementor-widget-text-editor\" data-id=\"e7eb466\" data-element_type=\"widget\" data-e-type=\"widget\" data-widget_type=\"text-editor.default\">\n\t\t\t\t<div class=\"elementor-widget-container\">\n\t\t\t\t\t\t\t\t\t<p>Vaccinaties zorgen voor bescherming tegen verschillende infectieziekten. Het advies is afhankelijk van onder andere de duur van je reis, je persoonlijke gezondheidssituatie en doel van je reis. Tijdens een afspraak geven we je uitgebreid advies over welke vaccinaties er voor jou van belang zijn te nemen.<\/p>\t\t\t\t\t\t\t\t<\/div>\n\t\t\t\t<\/div>\n\t\t\t\t<div class=\"elementor-element elementor-element-6b680aa elementor-align-center elementor-widget elementor-widget-button\" data-id=\"6b680aa\" data-element_type=\"widget\" data-e-type=\"widget\" data-widget_type=\"button.default\">\n\t\t\t\t<div class=\"elementor-widget-container\">\n\t\t\t\t\t\t\t\t\t<div class=\"elementor-button-wrapper\">\n\t\t\t\t\t<a class=\"elementor-button elementor-button-link elementor-size-sm elementor-animation-grow\" href=\"https:\/\/vaccinatiepunt.nl\/tr\/vergoedingen\/\">\n\t\t\t\t\t\t<span class=\"elementor-button-content-wrapper\">\n\t\t\t\t\t\t\t\t\t<span class=\"elementor-button-text\">Check je vergoedingen<\/span>\n\t\t\t\t\t<\/span>\n\t\t\t\t\t<\/a>\n\t\t\t\t<\/div>\n\t\t\t\t\t\t\t\t<\/div>\n\t\t\t\t<\/div>\n\t\t\t\t\t<\/div>\n\t\t<\/div>\n\t\t\t\t\t<\/div>\n\t\t<\/section>\n\t\t\t\t<\/div>\n\t\t","protected":false},"excerpt":{"rendered":"<p>Vaccinaties Nederland Nederland vaccinatieadvies Hiervoor verwijzen wij door naar het vaccinatieprogramma van de rijksoverheid. Maak nu een afspraak Afspraak maken Vaccinaties zorgen voor bescherming tegen verschillende infectieziekten. Het advies is afhankelijk van onder andere de duur van je reis, je persoonlijke gezondheidssituatie en doel van je reis. Tijdens een afspraak geven we je uitgebreid advies [&hellip;]<\/p>\n","protected":false},"author":6,"featured_media":0,"parent":0,"menu_order":0,"comment_status":"closed","ping_status":"closed","template":"","meta":{"inline_featured_image":false,"site-sidebar-layout":"no-sidebar","site-content-layout":"page-builder","ast-site-content-layout":"default","site-content-style":"default","site-sidebar-style":"default","ast-global-header-display":"","ast-banner-title-visibility":"","ast-main-header-display":"","ast-hfb-above-header-display":"","ast-hfb-below-header-display":"","ast-hfb-mobile-header-display":"","site-post-title":"disabled","ast-breadcrumbs-content":"","ast-featured-img":"disabled","footer-sml-layout":"","ast-disable-related-posts":"","theme-transparent-header-meta":"","adv-header-id-meta":"","stick-header-meta":"","header-above-stick-meta":"","header-main-stick-meta":"","header-below-stick-meta":"","astra-migrate-meta-layouts":"default","ast-page-background-enabled":"default","ast-page-background-meta":{"desktop":{"background-color":"var(--ast-global-color-4)","background-image":"","background-repeat":"repeat","background-position":"center center","background-size":"auto","background-attachment":"scroll","background-type":"","background-media":"","overlay-type":"","overlay-color":"","overlay-opacity":"","overlay-gradient":""},"tablet":{"background-color":"","background-image":"","background-repeat":"repeat","background-position":"center center","background-size":"auto","background-attachment":"scroll","background-type":"","background-media":"","overlay-type":"","overlay-color":"","overlay-opacity":"","overlay-gradient":""},"mobile":{"background-color":"","background-image":"","background-repeat":"repeat","background-position":"center center","background-size":"auto","background-attachment":"scroll","background-type":"","background-media":"","overlay-type":"","overlay-color":"","overlay-opacity":"","overlay-gradient":""}},"ast-content-background-meta":{"desktop":{"background-color":"var(--ast-global-color-5)","background-image":"","background-repeat":"repeat","background-position":"center center","background-size":"auto","background-attachment":"scroll","background-type":"","background-media":"","overlay-type":"","overlay-color":"","overlay-opacity":"","overlay-gradient":""},"tablet":{"background-color":"var(--ast-global-color-5)","background-image":"","background-repeat":"repeat","background-position":"center center","background-size":"auto","background-attachment":"scroll","background-type":"","background-media":"","overlay-type":"","overlay-color":"","overlay-opacity":"","overlay-gradient":""},"mobile":{"background-color":"var(--ast-global-color-5)","background-image":"","background-repeat":"repeat","background-position":"center center","background-size":"auto","background-attachment":"scroll","background-type":"","background-media":"","overlay-type":"","overlay-color":"","overlay-opacity":"","overlay-gradient":""}},"footnotes":""},"categories":[],"tags":[],"class_list":["post-2990","page","type-page","status-publish","hentry"],"yoast_head":"<!-- This site is optimized with the Yoast SEO plugin v27.3 - https:\/\/yoast.com\/product\/yoast-seo-wordpress\/ -->\n<title>Vaccinaties Nederland - Vaccinatiepunt<\/title>\n<meta name=\"robots\" content=\"index, follow, max-snippet:-1, max-image-preview:large, max-video-preview:-1\" \/>\n<link rel=\"canonical\" href=\"https:\/\/vaccinatiepunt.nl\/tr\/hollanda-asilamalari\/\" \/>\n<meta property=\"og:locale\" content=\"tr_TR\" \/>\n<meta property=\"og:type\" content=\"article\" \/>\n<meta property=\"og:title\" content=\"Vaccinaties Nederland - Vaccinatiepunt\" \/>\n<meta property=\"og:description\" content=\"Vaccinaties Nederland Nederland vaccinatieadvies Hiervoor verwijzen wij door naar het vaccinatieprogramma van de rijksoverheid. Maak nu een afspraak Afspraak maken Vaccinaties zorgen voor bescherming tegen verschillende infectieziekten. Het advies is afhankelijk van onder andere de duur van je reis, je persoonlijke gezondheidssituatie en doel van je reis. Tijdens een afspraak geven we je uitgebreid advies [&hellip;]\" \/>\n<meta property=\"og:url\" content=\"https:\/\/vaccinatiepunt.nl\/tr\/hollanda-asilamalari\/\" \/>\n<meta property=\"og:site_name\" content=\"Vaccinatiepunt\" \/>\n<meta property=\"article:modified_time\" content=\"2023-11-02T13:02:01+00:00\" \/>\n<meta property=\"og:image\" content=\"https:\/\/vaccinatiepunt.nl\/wp-content\/uploads\/2022\/12\/Nederland.jpeg\" \/>\n<meta name=\"twitter:card\" content=\"summary_large_image\" \/>\n<meta name=\"twitter:label1\" content=\"Tahmini okuma s\u00fcresi\" \/>\n\t<meta name=\"twitter:data1\" content=\"1 dakika\" \/>\n<!-- \/ Yoast SEO plugin. -->","yoast_head_json":{"title":"A\u015f\u0131lar Hollanda - A\u015f\u0131 Noktas\u0131","robots":{"index":"index","follow":"follow","max-snippet":"max-snippet:-1","max-image-preview":"max-image-preview:large","max-video-preview":"max-video-preview:-1"},"canonical":"https:\/\/vaccinatiepunt.nl\/tr\/hollanda-asilamalari\/","og_locale":"tr_TR","og_type":"article","og_title":"Vaccinaties Nederland - Vaccinatiepunt","og_description":"Vaccinaties Nederland Nederland vaccinatieadvies Hiervoor verwijzen wij door naar het vaccinatieprogramma van de rijksoverheid. Maak nu een afspraak Afspraak maken Vaccinaties zorgen voor bescherming tegen verschillende infectieziekten. Het advies is afhankelijk van onder andere de duur van je reis, je persoonlijke gezondheidssituatie en doel van je reis. Tijdens een afspraak geven we je uitgebreid advies [&hellip;]","og_url":"https:\/\/vaccinatiepunt.nl\/tr\/hollanda-asilamalari\/","og_site_name":"Vaccinatiepunt","article_modified_time":"2023-11-02T13:02:01+00:00","og_image":[{"url":"https:\/\/vaccinatiepunt.nl\/wp-content\/uploads\/2022\/12\/Nederland.jpeg","type":"","width":"","height":""}],"twitter_card":"summary_large_image","twitter_misc":{"Tahmini okuma s\u00fcresi":"1 dakika"},"schema":{"@context":"https:\/\/schema.org","@graph":[{"@type":"WebPage","@id":"https:\/\/vaccinatiepunt.nl\/tr\/vaccinaties-nederland\/","url":"https:\/\/vaccinatiepunt.nl\/tr\/vaccinaties-nederland\/","name":"A\u015f\u0131lar Hollanda - A\u015f\u0131 Noktas\u0131","isPartOf":{"@id":"https:\/\/vaccinatiepunt.nl\/tr\/#website"},"primaryImageOfPage":{"@id":"https:\/\/vaccinatiepunt.nl\/tr\/vaccinaties-nederland\/#primaryimage"},"image":{"@id":"https:\/\/vaccinatiepunt.nl\/tr\/vaccinaties-nederland\/#primaryimage"},"thumbnailUrl":"https:\/\/vaccinatiepunt.nl\/wp-content\/uploads\/2022\/12\/Nederland.jpeg","datePublished":"2022-12-15T10:58:47+00:00","dateModified":"2023-11-02T13:02:01+00:00","breadcrumb":{"@id":"https:\/\/vaccinatiepunt.nl\/tr\/vaccinaties-nederland\/#breadcrumb"},"inLanguage":"tr","potentialAction":[{"@type":"ReadAction","target":["https:\/\/vaccinatiepunt.nl\/tr\/vaccinaties-nederland\/"]}]},{"@type":"ImageObject","inLanguage":"tr","@id":"https:\/\/vaccinatiepunt.nl\/tr\/vaccinaties-nederland\/#primaryimage","url":"https:\/\/vaccinatiepunt.nl\/wp-content\/uploads\/2022\/12\/Nederland.jpeg","contentUrl":"https:\/\/vaccinatiepunt.nl\/wp-content\/uploads\/2022\/12\/Nederland.jpeg"},{"@type":"BreadcrumbList","@id":"https:\/\/vaccinatiepunt.nl\/tr\/vaccinaties-nederland\/#breadcrumb","itemListElement":[{"@type":"ListItem","position":1,"name":"Home","item":"https:\/\/vaccinatiepunt.nl\/"},{"@type":"ListItem","position":2,"name":"Vaccinaties Nederland"}]},{"@type":"WebSite","@id":"https:\/\/vaccinatiepunt.nl\/tr\/#website","url":"https:\/\/vaccinatiepunt.nl\/tr\/","name":"A\u015f\u0131lama noktas\u0131","description":"","publisher":{"@id":"https:\/\/vaccinatiepunt.nl\/tr\/#organization"},"potentialAction":[{"@type":"SearchAction","target":{"@type":"EntryPoint","urlTemplate":"https:\/\/vaccinatiepunt.nl\/tr\/?s={search_term_string}"},"query-input":{"@type":"PropertyValueSpecification","valueRequired":true,"valueName":"search_term_string"}}],"inLanguage":"tr"},{"@type":"Organization","@id":"https:\/\/vaccinatiepunt.nl\/tr\/#organization","name":"A\u015f\u0131lama noktas\u0131","url":"https:\/\/vaccinatiepunt.nl\/tr\/","logo":{"@type":"ImageObject","inLanguage":"tr","@id":"https:\/\/vaccinatiepunt.nl\/tr\/#\/schema\/logo\/image\/","url":"https:\/\/vaccinatiepunt.nl\/wp-content\/uploads\/2025\/12\/Zonder-titel-Instagram-bericht.png","contentUrl":"https:\/\/vaccinatiepunt.nl\/wp-content\/uploads\/2025\/12\/Zonder-titel-Instagram-bericht.png","width":1080,"height":1080,"caption":"Vaccinatiepunt"},"image":{"@id":"https:\/\/vaccinatiepunt.nl\/tr\/#\/schema\/logo\/image\/"}}]}},"_links":{"self":[{"href":"https:\/\/vaccinatiepunt.nl\/tr\/wp-json\/wp\/v2\/pages\/2990","targetHints":{"allow":["GET"]}}],"collection":[{"href":"https:\/\/vaccinatiepunt.nl\/tr\/wp-json\/wp\/v2\/pages"}],"about":[{"href":"https:\/\/vaccinatiepunt.nl\/tr\/wp-json\/wp\/v2\/types\/page"}],"author":[{"embeddable":true,"href":"https:\/\/vaccinatiepunt.nl\/tr\/wp-json\/wp\/v2\/users\/6"}],"replies":[{"embeddable":true,"href":"https:\/\/vaccinatiepunt.nl\/tr\/wp-json\/wp\/v2\/comments?post=2990"}],"version-history":[{"count":0,"href":"https:\/\/vaccinatiepunt.nl\/tr\/wp-json\/wp\/v2\/pages\/2990\/revisions"}],"wp:attachment":[{"href":"https:\/\/vaccinatiepunt.nl\/tr\/wp-json\/wp\/v2\/media?parent=2990"}],"wp:term":[{"taxonomy":"category","embeddable":true,"href":"https:\/\/vaccinatiepunt.nl\/tr\/wp-json\/wp\/v2\/categories?post=2990"},{"taxonomy":"post_tag","embeddable":true,"href":"https:\/\/vaccinatiepunt.nl\/tr\/wp-json\/wp\/v2\/tags?post=2990"}],"curies":[{"name":"wp","href":"https:\/\/api.w.org\/{rel}","templated":true}]}}