{"id":33485,"date":"2025-12-18T11:00:04","date_gmt":"2025-12-18T09:00:04","guid":{"rendered":"https:\/\/vaccinatiepunt.nl\/?page_id=33485"},"modified":"2025-12-18T18:21:40","modified_gmt":"2025-12-18T16:21:40","slug":"contactpagina-concept","status":"publish","type":"page","link":"https:\/\/vaccinatiepunt.nl\/tr\/contactpagina-concept\/","title":{"rendered":"Contactpagina concept"},"content":{"rendered":"<div data-elementor-type=\"wp-page\" data-elementor-id=\"33485\" class=\"elementor elementor-33485\" data-elementor-post-type=\"page\">\n\t\t\t\t\t\t<section class=\"elementor-section elementor-top-section elementor-element elementor-element-c3cd4cd elementor-section-boxed elementor-section-height-default elementor-section-height-default\" data-id=\"c3cd4cd\" data-element_type=\"section\" data-e-type=\"section\" data-settings=\"{&quot;background_background&quot;:&quot;classic&quot;,&quot;shape_divider_bottom&quot;:&quot;opacity-tilt&quot;}\">\n\t\t\t\t\t<div class=\"elementor-shape elementor-shape-bottom\" aria-hidden=\"true\" data-negative=\"false\">\n\t\t\t<svg xmlns=\"http:\/\/www.w3.org\/2000\/svg\" viewbox=\"0 0 2600 131.1\" preserveaspectratio=\"none\">\n\t<path class=\"elementor-shape-fill\" d=\"M0 0L2600 0 2600 69.1 0 0z\"\/>\n\t<path class=\"elementor-shape-fill\" style=\"opacity:0.5\" d=\"M0 0L2600 0 2600 69.1 0 69.1z\"\/>\n\t<path class=\"elementor-shape-fill\" style=\"opacity:0.25\" d=\"M2600 0L0 0 0 130.1 2600 69.1z\"\/>\n<\/svg>\t\t<\/div>\n\t\t\t\t\t<div class=\"elementor-container elementor-column-gap-default\">\n\t\t\t\t\t<div class=\"elementor-column elementor-col-100 elementor-top-column elementor-element elementor-element-641e98f\" data-id=\"641e98f\" data-element_type=\"column\" data-e-type=\"column\">\n\t\t\t<div class=\"elementor-widget-wrap elementor-element-populated\">\n\t\t\t\t\t\t<div class=\"elementor-element elementor-element-6a198fa elementor-widget elementor-widget-heading\" data-id=\"6a198fa\" data-element_type=\"widget\" data-e-type=\"widget\" data-widget_type=\"heading.default\">\n\t\t\t\t<div class=\"elementor-widget-container\">\n\t\t\t\t\t<h1 class=\"elementor-heading-title elementor-size-default\">M\u00fc\u015fteri Hizmetleri<\/h1>\t\t\t\t<\/div>\n\t\t\t\t<\/div>\n\t\t\t\t\t<\/div>\n\t\t<\/div>\n\t\t\t\t\t<\/div>\n\t\t<\/section>\n\t\t<div class=\"elementor-element elementor-element-71beb8b e-flex e-con-boxed e-con e-parent\" data-id=\"71beb8b\" data-element_type=\"container\" data-e-type=\"container\">\n\t\t\t\t\t<div class=\"e-con-inner\">\n\t\t\t\t<div class=\"elementor-element elementor-element-8baae68 elementor-widget elementor-widget-text-editor\" data-id=\"8baae68\" data-element_type=\"widget\" data-e-type=\"widget\" data-widget_type=\"text-editor.default\">\n\t\t\t\t<div class=\"elementor-widget-container\">\n\t\t\t\t\t\t\t\t\t<p>Randevunuz, prosed\u00fcr\u00fcm\u00fcz veya genel olarak A\u015f\u0131 Noktas\u0131 hakk\u0131nda sorular\u0131n\u0131z m\u0131 var? Bizimle ileti\u015fime ge\u00e7mekten \u00e7ekinmeyin! Ekibimiz t\u00fcm sorular\u0131n\u0131zda size yard\u0131mc\u0131 olmaktan mutluluk duyacakt\u0131r.<\/p>\t\t\t\t\t\t\t\t<\/div>\n\t\t\t\t<\/div>\n\t\t\t\t\t<\/div>\n\t\t\t\t<\/div>\n\t\t<div class=\"elementor-element elementor-element-cbc6fc4 e-flex e-con-boxed e-con e-parent\" data-id=\"cbc6fc4\" data-element_type=\"container\" data-e-type=\"container\">\n\t\t\t\t\t<div class=\"e-con-inner\">\n\t\t\t\t<div class=\"elementor-element elementor-element-510965d elementor-widget elementor-widget-heading\" data-id=\"510965d\" data-element_type=\"widget\" data-e-type=\"widget\" data-widget_type=\"heading.default\">\n\t\t\t\t<div class=\"elementor-widget-container\">\n\t\t\t\t\t<h2 class=\"elementor-heading-title elementor-size-default\">Alle onderwerpen op een rij<\/h2>\t\t\t\t<\/div>\n\t\t\t\t<\/div>\n\t\t\t\t<div class=\"elementor-element elementor-element-fb834e5 elementor-widget elementor-widget-text-editor\" data-id=\"fb834e5\" data-element_type=\"widget\" data-e-type=\"widget\" data-widget_type=\"text-editor.default\">\n\t\t\t\t<div class=\"elementor-widget-container\">\n\t\t\t\t\t\t\t\t\t<p>Vaak vind je hier al het antwoord op je vraag!<\/p>\t\t\t\t\t\t\t\t<\/div>\n\t\t\t\t<\/div>\n\t\t\t\t\t<\/div>\n\t\t\t\t<\/div>\n\t\t<div class=\"elementor-element elementor-element-fa79920 e-flex e-con-boxed e-con e-parent\" data-id=\"fa79920\" data-element_type=\"container\" data-e-type=\"container\">\n\t\t\t\t\t<div class=\"e-con-inner\">\n\t\t<div class=\"elementor-element elementor-element-e959ad0 e-con-full e-flex e-con e-child\" data-id=\"e959ad0\" data-element_type=\"container\" data-e-type=\"container\" data-settings=\"{&quot;background_background&quot;:&quot;classic&quot;}\">\n\t\t<div class=\"elementor-element elementor-element-cee9133 e-con-full e-flex e-con e-child\" data-id=\"cee9133\" data-element_type=\"container\" data-e-type=\"container\" data-settings=\"{&quot;background_background&quot;:&quot;classic&quot;}\">\n\t\t\t\t<div class=\"elementor-element elementor-element-bcecebf elementor-icon-list--layout-traditional elementor-list-item-link-full_width elementor-widget elementor-widget-icon-list\" data-id=\"bcecebf\" data-element_type=\"widget\" data-e-type=\"widget\" data-widget_type=\"icon-list.default\">\n\t\t\t\t<div class=\"elementor-widget-container\">\n\t\t\t\t\t\t\t<ul class=\"elementor-icon-list-items\">\n\t\t\t\t\t\t\t<li class=\"elementor-icon-list-item\">\n\t\t\t\t\t\t\t\t\t\t\t<span class=\"elementor-icon-list-icon\">\n\t\t\t\t\t\t\t<i aria-hidden=\"true\" class=\"far fa-calendar-alt\"><\/i>\t\t\t\t\t\t<\/span>\n\t\t\t\t\t\t\t\t\t\t<span class=\"elementor-icon-list-text\">Mijn afspraak<\/span>\n\t\t\t\t\t\t\t\t\t<\/li>\n\t\t\t\t\t\t<\/ul>\n\t\t\t\t\t\t<\/div>\n\t\t\t\t<\/div>\n\t\t\t\t<\/div>\n\t\t<div class=\"elementor-element elementor-element-ebfc15c e-con-full e-flex e-con e-child\" data-id=\"ebfc15c\" data-element_type=\"container\" data-e-type=\"container\" data-settings=\"{&quot;background_background&quot;:&quot;classic&quot;}\">\n\t\t\t\t<div class=\"elementor-element elementor-element-543e14a elementor-icon-list--layout-traditional elementor-list-item-link-full_width elementor-widget elementor-widget-icon-list\" data-id=\"543e14a\" data-element_type=\"widget\" data-e-type=\"widget\" data-widget_type=\"icon-list.default\">\n\t\t\t\t<div class=\"elementor-widget-container\">\n\t\t\t\t\t\t\t<ul class=\"elementor-icon-list-items\">\n\t\t\t\t\t\t\t<li class=\"elementor-icon-list-item\">\n\t\t\t\t\t\t\t\t\t\t\t<span class=\"elementor-icon-list-icon\">\n\t\t\t\t\t\t\t<i aria-hidden=\"true\" class=\"fas fa-file-alt\"><\/i>\t\t\t\t\t\t<\/span>\n\t\t\t\t\t\t\t\t\t\t<span class=\"elementor-icon-list-text\">Masraflar ve \u00fccretler<\/span>\n\t\t\t\t\t\t\t\t\t<\/li>\n\t\t\t\t\t\t<\/ul>\n\t\t\t\t\t\t<\/div>\n\t\t\t\t<\/div>\n\t\t\t\t<\/div>\n\t\t<div class=\"elementor-element elementor-element-61cce3c e-con-full e-flex e-con e-child\" data-id=\"61cce3c\" data-element_type=\"container\" data-e-type=\"container\" data-settings=\"{&quot;background_background&quot;:&quot;classic&quot;}\">\n\t\t\t\t<div class=\"elementor-element elementor-element-c024f5c elementor-icon-list--layout-traditional elementor-list-item-link-full_width elementor-widget elementor-widget-icon-list\" data-id=\"c024f5c\" data-element_type=\"widget\" data-e-type=\"widget\" data-widget_type=\"icon-list.default\">\n\t\t\t\t<div class=\"elementor-widget-container\">\n\t\t\t\t\t\t\t<ul class=\"elementor-icon-list-items\">\n\t\t\t\t\t\t\t<li class=\"elementor-icon-list-item\">\n\t\t\t\t\t\t\t\t\t\t\t<span class=\"elementor-icon-list-icon\">\n\t\t\t\t\t\t\t<i aria-hidden=\"true\" class=\"fas fa-hand-holding-medical\"><\/i>\t\t\t\t\t\t<\/span>\n\t\t\t\t\t\t\t\t\t\t<span class=\"elementor-icon-list-text\">Gezondheid<\/span>\n\t\t\t\t\t\t\t\t\t<\/li>\n\t\t\t\t\t\t<\/ul>\n\t\t\t\t\t\t<\/div>\n\t\t\t\t<\/div>\n\t\t\t\t<\/div>\n\t\t\t\t<\/div>\n\t\t<div class=\"elementor-element elementor-element-4aeaf6e e-con-full e-flex e-con e-child\" data-id=\"4aeaf6e\" data-element_type=\"container\" data-e-type=\"container\" data-settings=\"{&quot;background_background&quot;:&quot;classic&quot;}\">\n\t\t<div class=\"elementor-element elementor-element-cf594aa e-con-full e-flex e-con e-child\" data-id=\"cf594aa\" data-element_type=\"container\" data-e-type=\"container\" data-settings=\"{&quot;background_background&quot;:&quot;classic&quot;}\">\n\t\t\t\t<div class=\"elementor-element elementor-element-c0902e8 elementor-icon-list--layout-traditional elementor-list-item-link-full_width elementor-widget elementor-widget-icon-list\" data-id=\"c0902e8\" data-element_type=\"widget\" data-e-type=\"widget\" data-widget_type=\"icon-list.default\">\n\t\t\t\t<div class=\"elementor-widget-container\">\n\t\t\t\t\t\t\t<ul class=\"elementor-icon-list-items\">\n\t\t\t\t\t\t\t<li class=\"elementor-icon-list-item\">\n\t\t\t\t\t\t\t\t\t\t\t<span class=\"elementor-icon-list-icon\">\n\t\t\t\t\t\t\t<i aria-hidden=\"true\" class=\"fas fa-phone-alt\"><\/i>\t\t\t\t\t\t<\/span>\n\t\t\t\t\t\t\t\t\t\t<span class=\"elementor-icon-list-text\">Bedrijfsgegevens<\/span>\n\t\t\t\t\t\t\t\t\t<\/li>\n\t\t\t\t\t\t<\/ul>\n\t\t\t\t\t\t<\/div>\n\t\t\t\t<\/div>\n\t\t\t\t<\/div>\n\t\t<div class=\"elementor-element elementor-element-8e05f90 e-con-full e-flex e-con e-child\" data-id=\"8e05f90\" data-element_type=\"container\" data-e-type=\"container\" data-settings=\"{&quot;background_background&quot;:&quot;classic&quot;}\">\n\t\t\t\t<div class=\"elementor-element elementor-element-d4387d3 elementor-icon-list--layout-traditional elementor-list-item-link-full_width elementor-widget elementor-widget-icon-list\" data-id=\"d4387d3\" data-element_type=\"widget\" data-e-type=\"widget\" data-widget_type=\"icon-list.default\">\n\t\t\t\t<div class=\"elementor-widget-container\">\n\t\t\t\t\t\t\t<ul class=\"elementor-icon-list-items\">\n\t\t\t\t\t\t\t<li class=\"elementor-icon-list-item\">\n\t\t\t\t\t\t\t\t\t\t\t<span class=\"elementor-icon-list-icon\">\n\t\t\t\t\t\t\t<i aria-hidden=\"true\" class=\"far fa-calendar-alt\"><\/i>\t\t\t\t\t\t<\/span>\n\t\t\t\t\t\t\t\t\t\t<span class=\"elementor-icon-list-text\">Mijn afspraak<\/span>\n\t\t\t\t\t\t\t\t\t<\/li>\n\t\t\t\t\t\t<\/ul>\n\t\t\t\t\t\t<\/div>\n\t\t\t\t<\/div>\n\t\t\t\t<\/div>\n\t\t<div class=\"elementor-element elementor-element-372736d e-con-full e-flex e-con e-child\" data-id=\"372736d\" data-element_type=\"container\" data-e-type=\"container\" data-settings=\"{&quot;background_background&quot;:&quot;classic&quot;}\">\n\t\t\t\t<div class=\"elementor-element elementor-element-161255e elementor-icon-list--layout-traditional elementor-list-item-link-full_width elementor-widget elementor-widget-icon-list\" data-id=\"161255e\" data-element_type=\"widget\" data-e-type=\"widget\" data-widget_type=\"icon-list.default\">\n\t\t\t\t<div class=\"elementor-widget-container\">\n\t\t\t\t\t\t\t<ul class=\"elementor-icon-list-items\">\n\t\t\t\t\t\t\t<li class=\"elementor-icon-list-item\">\n\t\t\t\t\t\t\t\t\t\t\t<span class=\"elementor-icon-list-icon\">\n\t\t\t\t\t\t\t<i aria-hidden=\"true\" class=\"fas fa-briefcase\"><\/i>\t\t\t\t\t\t<\/span>\n\t\t\t\t\t\t\t\t\t\t<span class=\"elementor-icon-list-text\">\u0130\u015f D\u00fcnyas\u0131<\/span>\n\t\t\t\t\t\t\t\t\t<\/li>\n\t\t\t\t\t\t<\/ul>\n\t\t\t\t\t\t<\/div>\n\t\t\t\t<\/div>\n\t\t\t\t<\/div>\n\t\t\t\t<\/div>\n\t\t\t\t\t<\/div>\n\t\t\t\t<\/div>\n\t\t<div class=\"elementor-element elementor-element-e093f09 e-flex e-con-boxed e-con e-parent\" data-id=\"e093f09\" data-element_type=\"container\" data-e-type=\"container\">\n\t\t\t\t\t<div class=\"e-con-inner\">\n\t\t\t\t<div class=\"elementor-element elementor-element-81a0b02 elementor-widget elementor-widget-heading\" data-id=\"81a0b02\" data-element_type=\"widget\" data-e-type=\"widget\" data-widget_type=\"heading.default\">\n\t\t\t\t<div class=\"elementor-widget-container\">\n\t\t\t\t\t<h2 class=\"elementor-heading-title elementor-size-default\">Staat je vraag er niet bij?<\/h2>\t\t\t\t<\/div>\n\t\t\t\t<\/div>\n\t\t\t\t<div class=\"elementor-element elementor-element-639d715 elementor-widget elementor-widget-text-editor\" data-id=\"639d715\" data-element_type=\"widget\" data-e-type=\"widget\" data-widget_type=\"text-editor.default\">\n\t\t\t\t<div class=\"elementor-widget-container\">\n\t\t\t\t\t\t\t\t\t<p>Onze klantenservice helpt je graag verder. U kunt ons gemakkelijk mailen of bellen. Wij zijn doordeweeks telefonisch bereikbaar van 09:00 tot 18:00.<\/p><p>Mail: <a href=\"mailto:info@vaccinatiepunt.nl\">info@vaccinatiepunt.nl<\/a><br \/>Tel: <a href=\"tel:09008222462\">0900 822 24 62<\/a><\/p>\t\t\t\t\t\t\t\t<\/div>\n\t\t\t\t<\/div>\n\t\t\t\t\t<\/div>\n\t\t\t\t<\/div>\n\t\t\t\t<\/div>","protected":false},"excerpt":{"rendered":"<p>Klantenservice Heeft u vragen over uw afspraak, onze werkwijze of Vaccinatiepunt algemeen? Neem gerust contact met ons op! Ons team helpt u graag bij al uw vragen. Alle onderwerpen op een rij Vaak vind je hier al het antwoord op je vraag! Mijn afspraak Kosten en vergoedingen Gezondheid Bedrijfsgegevens Mijn afspraak Zakelijk Staat je vraag [&hellip;]<\/p>\n","protected":false},"author":6,"featured_media":0,"parent":0,"menu_order":0,"comment_status":"closed","ping_status":"closed","template":"","meta":{"inline_featured_image":false,"site-sidebar-layout":"no-sidebar","site-content-layout":"page-builder","ast-site-content-layout":"full-width-container","site-content-style":"unboxed","site-sidebar-style":"unboxed","ast-global-header-display":"","ast-banner-title-visibility":"","ast-main-header-display":"","ast-hfb-above-header-display":"","ast-hfb-below-header-display":"","ast-hfb-mobile-header-display":"","site-post-title":"disabled","ast-breadcrumbs-content":"","ast-featured-img":"disabled","footer-sml-layout":"","ast-disable-related-posts":"","theme-transparent-header-meta":"","adv-header-id-meta":"","stick-header-meta":"","header-above-stick-meta":"","header-main-stick-meta":"","header-below-stick-meta":"","astra-migrate-meta-layouts":"set","ast-page-background-enabled":"default","ast-page-background-meta":{"desktop":{"background-color":"var(--ast-global-color-4)","background-image":"","background-repeat":"repeat","background-position":"center center","background-size":"auto","background-attachment":"scroll","background-type":"","background-media":"","overlay-type":"","overlay-color":"","overlay-opacity":"","overlay-gradient":""},"tablet":{"background-color":"","background-image":"","background-repeat":"repeat","background-position":"center center","background-size":"auto","background-attachment":"scroll","background-type":"","background-media":"","overlay-type":"","overlay-color":"","overlay-opacity":"","overlay-gradient":""},"mobile":{"background-color":"","background-image":"","background-repeat":"repeat","background-position":"center center","background-size":"auto","background-attachment":"scroll","background-type":"","background-media":"","overlay-type":"","overlay-color":"","overlay-opacity":"","overlay-gradient":""}},"ast-content-background-meta":{"desktop":{"background-color":"var(--ast-global-color-5)","background-image":"","background-repeat":"repeat","background-position":"center center","background-size":"auto","background-attachment":"scroll","background-type":"","background-media":"","overlay-type":"","overlay-color":"","overlay-opacity":"","overlay-gradient":""},"tablet":{"background-color":"var(--ast-global-color-5)","background-image":"","background-repeat":"repeat","background-position":"center center","background-size":"auto","background-attachment":"scroll","background-type":"","background-media":"","overlay-type":"","overlay-color":"","overlay-opacity":"","overlay-gradient":""},"mobile":{"background-color":"var(--ast-global-color-5)","background-image":"","background-repeat":"repeat","background-position":"center center","background-size":"auto","background-attachment":"scroll","background-type":"","background-media":"","overlay-type":"","overlay-color":"","overlay-opacity":"","overlay-gradient":""}},"footnotes":""},"categories":[],"tags":[],"class_list":["post-33485","page","type-page","status-publish","hentry"],"yoast_head":"<!-- This site is optimized with the Yoast SEO plugin v27.3 - https:\/\/yoast.com\/product\/yoast-seo-wordpress\/ -->\n<title>Contactpagina concept - Vaccinatiepunt<\/title>\n<meta name=\"description\" content=\"Vaccinatiepunt is uw bestemming voor vaccinaties en reizigersadvies | Neem nu contact met ons op!\" \/>\n<meta name=\"robots\" content=\"index, follow, max-snippet:-1, max-image-preview:large, max-video-preview:-1\" \/>\n<link rel=\"canonical\" href=\"https:\/\/vaccinatiepunt.nl\/tr\/contactpagina-concept\/\" \/>\n<meta property=\"og:locale\" content=\"tr_TR\" \/>\n<meta property=\"og:type\" content=\"article\" \/>\n<meta property=\"og:title\" content=\"Contactpagina concept - Vaccinatiepunt\" \/>\n<meta property=\"og:description\" content=\"Vaccinatiepunt is uw bestemming voor vaccinaties en reizigersadvies | Neem nu contact met ons op!\" \/>\n<meta property=\"og:url\" content=\"https:\/\/vaccinatiepunt.nl\/tr\/contactpagina-concept\/\" \/>\n<meta property=\"og:site_name\" content=\"Vaccinatiepunt\" \/>\n<meta property=\"article:modified_time\" content=\"2025-12-18T16:21:40+00:00\" \/>\n<meta property=\"og:image\" content=\"https:\/\/vaccinatiepunt.nl\/wp-content\/uploads\/2025\/12\/Ontwerp-zonder-titel-2-scaled.png\" \/>\n\t<meta property=\"og:image:width\" content=\"2560\" \/>\n\t<meta property=\"og:image:height\" content=\"1067\" \/>\n\t<meta property=\"og:image:type\" content=\"image\/png\" \/>\n<meta name=\"twitter:card\" content=\"summary_large_image\" \/>\n<meta name=\"twitter:label1\" content=\"Tahmini okuma s\u00fcresi\" \/>\n\t<meta name=\"twitter:data1\" content=\"1 dakika\" \/>\n<!-- \/ Yoast SEO plugin. -->","yoast_head_json":{"title":"Contactpagina concept - Vaccinatiepunt","description":"A\u015f\u0131 Noktas\u0131, a\u015f\u0131lar ve seyahat tavsiyeleri i\u00e7in hedefinizdir | \u015eimdi bize ula\u015f\u0131n!","robots":{"index":"index","follow":"follow","max-snippet":"max-snippet:-1","max-image-preview":"max-image-preview:large","max-video-preview":"max-video-preview:-1"},"canonical":"https:\/\/vaccinatiepunt.nl\/tr\/contactpagina-concept\/","og_locale":"tr_TR","og_type":"article","og_title":"Contactpagina concept - Vaccinatiepunt","og_description":"Vaccinatiepunt is uw bestemming voor vaccinaties en reizigersadvies | Neem nu contact met ons op!","og_url":"https:\/\/vaccinatiepunt.nl\/tr\/contactpagina-concept\/","og_site_name":"Vaccinatiepunt","article_modified_time":"2025-12-18T16:21:40+00:00","og_image":[{"width":2560,"height":1067,"url":"https:\/\/vaccinatiepunt.nl\/wp-content\/uploads\/2025\/12\/Ontwerp-zonder-titel-2-scaled.png","type":"image\/png"}],"twitter_card":"summary_large_image","twitter_misc":{"Tahmini okuma s\u00fcresi":"1 dakika"},"schema":{"@context":"https:\/\/schema.org","@graph":[{"@type":"WebPage","@id":"https:\/\/vaccinatiepunt.nl\/tr\/contactpagina-concept\/","url":"https:\/\/vaccinatiepunt.nl\/tr\/contactpagina-concept\/","name":"Contactpagina concept - Vaccinatiepunt","isPartOf":{"@id":"https:\/\/vaccinatiepunt.nl\/tr\/#website"},"datePublished":"2025-12-18T09:00:04+00:00","dateModified":"2025-12-18T16:21:40+00:00","description":"A\u015f\u0131 Noktas\u0131, a\u015f\u0131lar ve seyahat tavsiyeleri i\u00e7in hedefinizdir | \u015eimdi bize ula\u015f\u0131n!","breadcrumb":{"@id":"https:\/\/vaccinatiepunt.nl\/tr\/contactpagina-concept\/#breadcrumb"},"inLanguage":"tr","potentialAction":[{"@type":"ReadAction","target":["https:\/\/vaccinatiepunt.nl\/tr\/contactpagina-concept\/"]}]},{"@type":"BreadcrumbList","@id":"https:\/\/vaccinatiepunt.nl\/tr\/contactpagina-concept\/#breadcrumb","itemListElement":[{"@type":"ListItem","position":1,"name":"Home","item":"https:\/\/vaccinatiepunt.nl\/"},{"@type":"ListItem","position":2,"name":"Contactpagina concept"}]},{"@type":"WebSite","@id":"https:\/\/vaccinatiepunt.nl\/tr\/#website","url":"https:\/\/vaccinatiepunt.nl\/tr\/","name":"A\u015f\u0131lama noktas\u0131","description":"","publisher":{"@id":"https:\/\/vaccinatiepunt.nl\/tr\/#organization"},"potentialAction":[{"@type":"SearchAction","target":{"@type":"EntryPoint","urlTemplate":"https:\/\/vaccinatiepunt.nl\/tr\/?s={search_term_string}"},"query-input":{"@type":"PropertyValueSpecification","valueRequired":true,"valueName":"search_term_string"}}],"inLanguage":"tr"},{"@type":"Organization","@id":"https:\/\/vaccinatiepunt.nl\/tr\/#organization","name":"A\u015f\u0131lama noktas\u0131","url":"https:\/\/vaccinatiepunt.nl\/tr\/","logo":{"@type":"ImageObject","inLanguage":"tr","@id":"https:\/\/vaccinatiepunt.nl\/tr\/#\/schema\/logo\/image\/","url":"https:\/\/vaccinatiepunt.nl\/wp-content\/uploads\/2025\/12\/Zonder-titel-Instagram-bericht.png","contentUrl":"https:\/\/vaccinatiepunt.nl\/wp-content\/uploads\/2025\/12\/Zonder-titel-Instagram-bericht.png","width":1080,"height":1080,"caption":"Vaccinatiepunt"},"image":{"@id":"https:\/\/vaccinatiepunt.nl\/tr\/#\/schema\/logo\/image\/"}}]}},"_links":{"self":[{"href":"https:\/\/vaccinatiepunt.nl\/tr\/wp-json\/wp\/v2\/pages\/33485","targetHints":{"allow":["GET"]}}],"collection":[{"href":"https:\/\/vaccinatiepunt.nl\/tr\/wp-json\/wp\/v2\/pages"}],"about":[{"href":"https:\/\/vaccinatiepunt.nl\/tr\/wp-json\/wp\/v2\/types\/page"}],"author":[{"embeddable":true,"href":"https:\/\/vaccinatiepunt.nl\/tr\/wp-json\/wp\/v2\/users\/6"}],"replies":[{"embeddable":true,"href":"https:\/\/vaccinatiepunt.nl\/tr\/wp-json\/wp\/v2\/comments?post=33485"}],"version-history":[{"count":0,"href":"https:\/\/vaccinatiepunt.nl\/tr\/wp-json\/wp\/v2\/pages\/33485\/revisions"}],"wp:attachment":[{"href":"https:\/\/vaccinatiepunt.nl\/tr\/wp-json\/wp\/v2\/media?parent=33485"}],"wp:term":[{"taxonomy":"category","embeddable":true,"href":"https:\/\/vaccinatiepunt.nl\/tr\/wp-json\/wp\/v2\/categories?post=33485"},{"taxonomy":"post_tag","embeddable":true,"href":"https:\/\/vaccinatiepunt.nl\/tr\/wp-json\/wp\/v2\/tags?post=33485"}],"curies":[{"name":"wp","href":"https:\/\/api.w.org\/{rel}","templated":true}]}}