{"id":33494,"date":"2025-12-18T15:31:50","date_gmt":"2025-12-18T13:31:50","guid":{"rendered":"https:\/\/vaccinatiepunt.nl\/?page_id=33494"},"modified":"2025-12-18T18:21:49","modified_gmt":"2025-12-18T16:21:49","slug":"contactpagina-concept-gezondheid","status":"publish","type":"page","link":"https:\/\/vaccinatiepunt.nl\/tr\/contactpagina-concept-gezondheid\/","title":{"rendered":"Contactpagina concept &#8211; Gezondheid"},"content":{"rendered":"<div data-elementor-type=\"wp-page\" data-elementor-id=\"33494\" class=\"elementor elementor-33494\" data-elementor-post-type=\"page\">\n\t\t\t\t\t\t<section class=\"elementor-section elementor-top-section elementor-element elementor-element-c3cd4cd elementor-section-boxed elementor-section-height-default elementor-section-height-default\" data-id=\"c3cd4cd\" data-element_type=\"section\" data-e-type=\"section\" data-settings=\"{&quot;background_background&quot;:&quot;classic&quot;,&quot;shape_divider_bottom&quot;:&quot;opacity-tilt&quot;}\">\n\t\t\t\t\t<div class=\"elementor-shape elementor-shape-bottom\" aria-hidden=\"true\" data-negative=\"false\">\n\t\t\t<svg xmlns=\"http:\/\/www.w3.org\/2000\/svg\" viewbox=\"0 0 2600 131.1\" preserveaspectratio=\"none\">\n\t<path class=\"elementor-shape-fill\" d=\"M0 0L2600 0 2600 69.1 0 0z\"\/>\n\t<path class=\"elementor-shape-fill\" style=\"opacity:0.5\" d=\"M0 0L2600 0 2600 69.1 0 69.1z\"\/>\n\t<path class=\"elementor-shape-fill\" style=\"opacity:0.25\" d=\"M2600 0L0 0 0 130.1 2600 69.1z\"\/>\n<\/svg>\t\t<\/div>\n\t\t\t\t\t<div class=\"elementor-container elementor-column-gap-default\">\n\t\t\t\t\t<div class=\"elementor-column elementor-col-100 elementor-top-column elementor-element elementor-element-641e98f\" data-id=\"641e98f\" data-element_type=\"column\" data-e-type=\"column\">\n\t\t\t<div class=\"elementor-widget-wrap elementor-element-populated\">\n\t\t\t\t\t\t<div class=\"elementor-element elementor-element-6a198fa elementor-widget elementor-widget-heading\" data-id=\"6a198fa\" data-element_type=\"widget\" data-e-type=\"widget\" data-widget_type=\"heading.default\">\n\t\t\t\t<div class=\"elementor-widget-container\">\n\t\t\t\t\t<h1 class=\"elementor-heading-title elementor-size-default\">M\u00fc\u015fteri Hizmetleri<\/h1>\t\t\t\t<\/div>\n\t\t\t\t<\/div>\n\t\t\t\t\t<\/div>\n\t\t<\/div>\n\t\t\t\t\t<\/div>\n\t\t<\/section>\n\t\t<div class=\"elementor-element elementor-element-cbc6fc4 e-flex e-con-boxed e-con e-parent\" data-id=\"cbc6fc4\" data-element_type=\"container\" data-e-type=\"container\">\n\t\t\t\t\t<div class=\"e-con-inner\">\n\t\t\t\t<div class=\"elementor-element elementor-element-510965d elementor-widget elementor-widget-heading\" data-id=\"510965d\" data-element_type=\"widget\" data-e-type=\"widget\" data-widget_type=\"heading.default\">\n\t\t\t\t<div class=\"elementor-widget-container\">\n\t\t\t\t\t<h2 class=\"elementor-heading-title elementor-size-default\">Gezondheid<\/h2>\t\t\t\t<\/div>\n\t\t\t\t<\/div>\n\t\t\t\t<div class=\"elementor-element elementor-element-c39c526 elementor-widget elementor-widget-text-editor\" data-id=\"c39c526\" data-element_type=\"widget\" data-e-type=\"widget\" data-widget_type=\"text-editor.default\">\n\t\t\t\t<div class=\"elementor-widget-container\">\n\t\t\t\t\t\t\t\t\t<div style=\"background-color: #fdfbef; padding: 15px; border-left: 5px solid #f1c40f;\"><p><strong>Ik weet niet welke vaccinaties ik in het verleden heb gehad.<\/strong><br \/>Wanneer je niet meer weet welke vaccinaties je hebt gehad of je (gele) vaccinatieboekje kwijt bent, kun je vaak je vaccinatiegeschiedenis nog terughalen op de website van de <a href=\"http:\/\/mijn.rivm.nl\">RIVM<\/a>. Hier vind je alle vaccinaties die je bij de GGD hebt gekregen.<\/p><p>Indien je deze informatie niet hebt, kun je alsnog een afspraak maken. Onze specialisten helpen je graag verder.<\/p><\/div>\t\t\t\t\t\t\t\t<\/div>\n\t\t\t\t<\/div>\n\t\t\t\t<div class=\"elementor-element elementor-element-1238902 elementor-widget elementor-widget-text-editor\" data-id=\"1238902\" data-element_type=\"widget\" data-e-type=\"widget\" data-widget_type=\"text-editor.default\">\n\t\t\t\t<div class=\"elementor-widget-container\">\n\t\t\t\t\t\t\t\t\t<div style=\"background-color: #fdfbef; padding: 15px; border-left: 5px solid #f1c40f;\"><p><strong>Medicatiegebruik en zwangerschap<\/strong><br \/>Ons team stelt het vaccinatieadvies op nadat wij alle gezondheidsgegevens hebben ontvangen. Hierbij wordt medicatiegebruik, ziektes en zwangerschap in acht genomen. Je kunt gerust een afspraak maken, ons team geeft het vaccinatieadvies wat bij jouw gezondheid- \u00e9n reisplannen past.<\/p><\/div>\t\t\t\t\t\t\t\t<\/div>\n\t\t\t\t<\/div>\n\t\t\t\t<div class=\"elementor-element elementor-element-0defa84 elementor-widget elementor-widget-text-editor\" data-id=\"0defa84\" data-element_type=\"widget\" data-e-type=\"widget\" data-widget_type=\"text-editor.default\">\n\t\t\t\t<div class=\"elementor-widget-container\">\n\t\t\t\t\t\t\t\t\t<div style=\"background-color: #fdfbef; padding: 15px; border-left: 5px solid #f1c40f;\"><p><strong>Bijwerkingen na de vaccinatie<\/strong><br \/>Het kan zo zijn dat je bijwerkingen ervaart na je vaccinatie.\u00a0<\/p><\/div>\t\t\t\t\t\t\t\t<\/div>\n\t\t\t\t<\/div>\n\t\t\t\t\t<\/div>\n\t\t\t\t<\/div>\n\t\t<div class=\"elementor-element elementor-element-dbbc5df e-flex e-con-boxed e-con e-parent\" data-id=\"dbbc5df\" data-element_type=\"container\" data-e-type=\"container\" data-settings=\"{&quot;background_background&quot;:&quot;classic&quot;}\">\n\t\t\t\t\t<div class=\"e-con-inner\">\n\t\t<div class=\"elementor-element elementor-element-3934a56 e-con-full e-flex e-con e-child\" data-id=\"3934a56\" data-element_type=\"container\" data-e-type=\"container\">\n\t\t\t\t<div class=\"elementor-element elementor-element-006c1bd elementor-widget elementor-widget-heading\" data-id=\"006c1bd\" data-element_type=\"widget\" data-e-type=\"widget\" data-widget_type=\"heading.default\">\n\t\t\t\t<div class=\"elementor-widget-container\">\n\t\t\t\t\t<h2 class=\"elementor-heading-title elementor-size-default\">Niet het antwoord gevonden op je vraag?<\/h2>\t\t\t\t<\/div>\n\t\t\t\t<\/div>\n\t\t\t\t<div class=\"elementor-element elementor-element-a20643d elementor-widget elementor-widget-text-editor\" data-id=\"a20643d\" data-element_type=\"widget\" data-e-type=\"widget\" data-widget_type=\"text-editor.default\">\n\t\t\t\t<div class=\"elementor-widget-container\">\n\t\t\t\t\t\t\t\t\t<p>Onze specialisten helpt je graag verder. Je kunt ons gemakkelijk mailen of bellen.<br \/>Wij zijn doordeweeks telefonisch bereikbaar van 09:00 tot 18:00.<\/p><p>Mail: <a href=\"mailto:info@vaccinatiepunt.nl\">info@vaccinatiepunt.nl<\/a><br \/>Tel: <a href=\"tel:09008222462\">0900 822 24 62<\/a><\/p>\t\t\t\t\t\t\t\t<\/div>\n\t\t\t\t<\/div>\n\t\t\t\t<\/div>\n\t\t<div class=\"elementor-element elementor-element-855c577 e-con-full e-flex e-con e-child\" data-id=\"855c577\" data-element_type=\"container\" data-e-type=\"container\">\n\t\t\t\t<div class=\"elementor-element elementor-element-ea6602c elementor-widget elementor-widget-image\" data-id=\"ea6602c\" data-element_type=\"widget\" data-e-type=\"widget\" data-widget_type=\"image.default\">\n\t\t\t\t<div class=\"elementor-widget-container\">\n\t\t\t\t\t\t\t\t\t\t\t\t\t\t\t<img fetchpriority=\"high\" decoding=\"async\" width=\"1024\" height=\"1024\" src=\"https:\/\/vaccinatiepunt.nl\/wp-content\/uploads\/2025\/12\/Frank-2-1-1024x1024.png\" class=\"attachment-large size-large wp-image-33491\" alt=\"\" srcset=\"https:\/\/vaccinatiepunt.nl\/wp-content\/uploads\/2025\/12\/Frank-2-1-1024x1024.png 1024w, https:\/\/vaccinatiepunt.nl\/wp-content\/uploads\/2025\/12\/Frank-2-1-300x300.png 300w, https:\/\/vaccinatiepunt.nl\/wp-content\/uploads\/2025\/12\/Frank-2-1-150x150.png 150w, https:\/\/vaccinatiepunt.nl\/wp-content\/uploads\/2025\/12\/Frank-2-1-768x768.png 768w, https:\/\/vaccinatiepunt.nl\/wp-content\/uploads\/2025\/12\/Frank-2-1-1536x1536.png 1536w, https:\/\/vaccinatiepunt.nl\/wp-content\/uploads\/2025\/12\/Frank-2-1-2048x2048.png 2048w, https:\/\/vaccinatiepunt.nl\/wp-content\/uploads\/2025\/12\/Frank-2-1-12x12.png 12w\" sizes=\"(max-width: 1024px) 100vw, 1024px\" \/>\t\t\t\t\t\t\t\t\t\t\t\t\t\t\t<\/div>\n\t\t\t\t<\/div>\n\t\t\t\t<\/div>\n\t\t\t\t\t<\/div>\n\t\t\t\t<\/div>\n\t\t\t\t<\/div>","protected":false},"excerpt":{"rendered":"<p>Klantenservice Gezondheid Ik weet niet welke vaccinaties ik in het verleden heb gehad.Wanneer je niet meer weet welke vaccinaties je hebt gehad of je (gele) vaccinatieboekje kwijt bent, kun je vaak je vaccinatiegeschiedenis nog terughalen op de website van de RIVM. Hier vind je alle vaccinaties die je bij de GGD hebt gekregen. Indien je [&hellip;]<\/p>\n","protected":false},"author":6,"featured_media":0,"parent":0,"menu_order":0,"comment_status":"closed","ping_status":"closed","template":"","meta":{"inline_featured_image":false,"site-sidebar-layout":"no-sidebar","site-content-layout":"page-builder","ast-site-content-layout":"full-width-container","site-content-style":"unboxed","site-sidebar-style":"unboxed","ast-global-header-display":"","ast-banner-title-visibility":"","ast-main-header-display":"","ast-hfb-above-header-display":"","ast-hfb-below-header-display":"","ast-hfb-mobile-header-display":"","site-post-title":"disabled","ast-breadcrumbs-content":"","ast-featured-img":"disabled","footer-sml-layout":"","ast-disable-related-posts":"","theme-transparent-header-meta":"","adv-header-id-meta":"","stick-header-meta":"","header-above-stick-meta":"","header-main-stick-meta":"","header-below-stick-meta":"","astra-migrate-meta-layouts":"set","ast-page-background-enabled":"default","ast-page-background-meta":{"desktop":{"background-color":"var(--ast-global-color-4)","background-image":"","background-repeat":"repeat","background-position":"center center","background-size":"auto","background-attachment":"scroll","background-type":"","background-media":"","overlay-type":"","overlay-color":"","overlay-opacity":"","overlay-gradient":""},"tablet":{"background-color":"","background-image":"","background-repeat":"repeat","background-position":"center center","background-size":"auto","background-attachment":"scroll","background-type":"","background-media":"","overlay-type":"","overlay-color":"","overlay-opacity":"","overlay-gradient":""},"mobile":{"background-color":"","background-image":"","background-repeat":"repeat","background-position":"center center","background-size":"auto","background-attachment":"scroll","background-type":"","background-media":"","overlay-type":"","overlay-color":"","overlay-opacity":"","overlay-gradient":""}},"ast-content-background-meta":{"desktop":{"background-color":"var(--ast-global-color-5)","background-image":"","background-repeat":"repeat","background-position":"center center","background-size":"auto","background-attachment":"scroll","background-type":"","background-media":"","overlay-type":"","overlay-color":"","overlay-opacity":"","overlay-gradient":""},"tablet":{"background-color":"var(--ast-global-color-5)","background-image":"","background-repeat":"repeat","background-position":"center center","background-size":"auto","background-attachment":"scroll","background-type":"","background-media":"","overlay-type":"","overlay-color":"","overlay-opacity":"","overlay-gradient":""},"mobile":{"background-color":"var(--ast-global-color-5)","background-image":"","background-repeat":"repeat","background-position":"center center","background-size":"auto","background-attachment":"scroll","background-type":"","background-media":"","overlay-type":"","overlay-color":"","overlay-opacity":"","overlay-gradient":""}},"footnotes":""},"categories":[],"tags":[],"class_list":["post-33494","page","type-page","status-publish","hentry"],"yoast_head":"<!-- This site is optimized with the Yoast SEO plugin v27.3 - https:\/\/yoast.com\/product\/yoast-seo-wordpress\/ -->\n<title>Contactpagina concept - Gezondheid - Vaccinatiepunt<\/title>\n<meta name=\"description\" content=\"Vaccinatiepunt is uw bestemming voor vaccinaties en reizigersadvies | Neem nu contact met ons op!\" \/>\n<meta name=\"robots\" content=\"index, follow, max-snippet:-1, max-image-preview:large, max-video-preview:-1\" \/>\n<link rel=\"canonical\" href=\"https:\/\/vaccinatiepunt.nl\/tr\/contactpagina-concept-gezondheid\/\" \/>\n<meta property=\"og:locale\" content=\"tr_TR\" \/>\n<meta property=\"og:type\" content=\"article\" \/>\n<meta property=\"og:title\" content=\"Contactpagina concept - Gezondheid - Vaccinatiepunt\" \/>\n<meta property=\"og:description\" content=\"Vaccinatiepunt is uw bestemming voor vaccinaties en reizigersadvies | Neem nu contact met ons op!\" \/>\n<meta property=\"og:url\" content=\"https:\/\/vaccinatiepunt.nl\/tr\/contactpagina-concept-gezondheid\/\" \/>\n<meta property=\"og:site_name\" content=\"Vaccinatiepunt\" \/>\n<meta property=\"article:modified_time\" content=\"2025-12-18T16:21:49+00:00\" \/>\n<meta property=\"og:image\" content=\"https:\/\/vaccinatiepunt.nl\/wp-content\/uploads\/2025\/12\/Frank-2-1-scaled.png\" \/>\n\t<meta property=\"og:image:width\" content=\"2560\" \/>\n\t<meta property=\"og:image:height\" content=\"2560\" \/>\n\t<meta property=\"og:image:type\" content=\"image\/png\" \/>\n<meta name=\"twitter:card\" content=\"summary_large_image\" \/>\n<meta name=\"twitter:label1\" content=\"Tahmini okuma s\u00fcresi\" \/>\n\t<meta name=\"twitter:data1\" content=\"2 dakika\" \/>\n<!-- \/ Yoast SEO plugin. -->","yoast_head_json":{"title":"Contactpagina concept - Gezondheid - Vaccinatiepunt","description":"A\u015f\u0131 Noktas\u0131, a\u015f\u0131lar ve seyahat tavsiyeleri i\u00e7in hedefinizdir | \u015eimdi bize ula\u015f\u0131n!","robots":{"index":"index","follow":"follow","max-snippet":"max-snippet:-1","max-image-preview":"max-image-preview:large","max-video-preview":"max-video-preview:-1"},"canonical":"https:\/\/vaccinatiepunt.nl\/tr\/contactpagina-concept-gezondheid\/","og_locale":"tr_TR","og_type":"article","og_title":"Contactpagina concept - Gezondheid - Vaccinatiepunt","og_description":"Vaccinatiepunt is uw bestemming voor vaccinaties en reizigersadvies | Neem nu contact met ons op!","og_url":"https:\/\/vaccinatiepunt.nl\/tr\/contactpagina-concept-gezondheid\/","og_site_name":"Vaccinatiepunt","article_modified_time":"2025-12-18T16:21:49+00:00","og_image":[{"width":2560,"height":2560,"url":"https:\/\/vaccinatiepunt.nl\/wp-content\/uploads\/2025\/12\/Frank-2-1-scaled.png","type":"image\/png"}],"twitter_card":"summary_large_image","twitter_misc":{"Tahmini okuma s\u00fcresi":"2 dakika"},"schema":{"@context":"https:\/\/schema.org","@graph":[{"@type":"WebPage","@id":"https:\/\/vaccinatiepunt.nl\/tr\/contactpagina-concept-gezondheid\/","url":"https:\/\/vaccinatiepunt.nl\/tr\/contactpagina-concept-gezondheid\/","name":"Contactpagina concept - Gezondheid - Vaccinatiepunt","isPartOf":{"@id":"https:\/\/vaccinatiepunt.nl\/tr\/#website"},"primaryImageOfPage":{"@id":"https:\/\/vaccinatiepunt.nl\/tr\/contactpagina-concept-gezondheid\/#primaryimage"},"image":{"@id":"https:\/\/vaccinatiepunt.nl\/tr\/contactpagina-concept-gezondheid\/#primaryimage"},"thumbnailUrl":"https:\/\/vaccinatiepunt.nl\/wp-content\/uploads\/2025\/12\/Frank-2-1-1024x1024.png","datePublished":"2025-12-18T13:31:50+00:00","dateModified":"2025-12-18T16:21:49+00:00","description":"A\u015f\u0131 Noktas\u0131, a\u015f\u0131lar ve seyahat tavsiyeleri i\u00e7in hedefinizdir | \u015eimdi bize ula\u015f\u0131n!","breadcrumb":{"@id":"https:\/\/vaccinatiepunt.nl\/tr\/contactpagina-concept-gezondheid\/#breadcrumb"},"inLanguage":"tr","potentialAction":[{"@type":"ReadAction","target":["https:\/\/vaccinatiepunt.nl\/tr\/contactpagina-concept-gezondheid\/"]}]},{"@type":"ImageObject","inLanguage":"tr","@id":"https:\/\/vaccinatiepunt.nl\/tr\/contactpagina-concept-gezondheid\/#primaryimage","url":"https:\/\/vaccinatiepunt.nl\/wp-content\/uploads\/2025\/12\/Frank-2-1-1024x1024.png","contentUrl":"https:\/\/vaccinatiepunt.nl\/wp-content\/uploads\/2025\/12\/Frank-2-1-1024x1024.png"},{"@type":"BreadcrumbList","@id":"https:\/\/vaccinatiepunt.nl\/tr\/contactpagina-concept-gezondheid\/#breadcrumb","itemListElement":[{"@type":"ListItem","position":1,"name":"Home","item":"https:\/\/vaccinatiepunt.nl\/"},{"@type":"ListItem","position":2,"name":"Contactpagina concept &#8211; Gezondheid"}]},{"@type":"WebSite","@id":"https:\/\/vaccinatiepunt.nl\/tr\/#website","url":"https:\/\/vaccinatiepunt.nl\/tr\/","name":"A\u015f\u0131lama noktas\u0131","description":"","publisher":{"@id":"https:\/\/vaccinatiepunt.nl\/tr\/#organization"},"potentialAction":[{"@type":"SearchAction","target":{"@type":"EntryPoint","urlTemplate":"https:\/\/vaccinatiepunt.nl\/tr\/?s={search_term_string}"},"query-input":{"@type":"PropertyValueSpecification","valueRequired":true,"valueName":"search_term_string"}}],"inLanguage":"tr"},{"@type":"Organization","@id":"https:\/\/vaccinatiepunt.nl\/tr\/#organization","name":"A\u015f\u0131lama noktas\u0131","url":"https:\/\/vaccinatiepunt.nl\/tr\/","logo":{"@type":"ImageObject","inLanguage":"tr","@id":"https:\/\/vaccinatiepunt.nl\/tr\/#\/schema\/logo\/image\/","url":"https:\/\/vaccinatiepunt.nl\/wp-content\/uploads\/2025\/12\/Zonder-titel-Instagram-bericht.png","contentUrl":"https:\/\/vaccinatiepunt.nl\/wp-content\/uploads\/2025\/12\/Zonder-titel-Instagram-bericht.png","width":1080,"height":1080,"caption":"Vaccinatiepunt"},"image":{"@id":"https:\/\/vaccinatiepunt.nl\/tr\/#\/schema\/logo\/image\/"}}]}},"_links":{"self":[{"href":"https:\/\/vaccinatiepunt.nl\/tr\/wp-json\/wp\/v2\/pages\/33494","targetHints":{"allow":["GET"]}}],"collection":[{"href":"https:\/\/vaccinatiepunt.nl\/tr\/wp-json\/wp\/v2\/pages"}],"about":[{"href":"https:\/\/vaccinatiepunt.nl\/tr\/wp-json\/wp\/v2\/types\/page"}],"author":[{"embeddable":true,"href":"https:\/\/vaccinatiepunt.nl\/tr\/wp-json\/wp\/v2\/users\/6"}],"replies":[{"embeddable":true,"href":"https:\/\/vaccinatiepunt.nl\/tr\/wp-json\/wp\/v2\/comments?post=33494"}],"version-history":[{"count":0,"href":"https:\/\/vaccinatiepunt.nl\/tr\/wp-json\/wp\/v2\/pages\/33494\/revisions"}],"wp:attachment":[{"href":"https:\/\/vaccinatiepunt.nl\/tr\/wp-json\/wp\/v2\/media?parent=33494"}],"wp:term":[{"taxonomy":"category","embeddable":true,"href":"https:\/\/vaccinatiepunt.nl\/tr\/wp-json\/wp\/v2\/categories?post=33494"},{"taxonomy":"post_tag","embeddable":true,"href":"https:\/\/vaccinatiepunt.nl\/tr\/wp-json\/wp\/v2\/tags?post=33494"}],"curies":[{"name":"wp","href":"https:\/\/api.w.org\/{rel}","templated":true}]}}